{"id":2555,"date":"2020-10-16T16:53:10","date_gmt":"2020-10-16T13:53:10","guid":{"rendered":"https:\/\/foreas.com\/tr\/?post_type=product&#038;p=2555"},"modified":"2020-10-30T21:12:20","modified_gmt":"2020-10-30T18:12:20","slug":"manuel-toprak-burgu-seti","status":"publish","type":"product","link":"https:\/\/www.foreas.com\/tr\/urun\/manuel-toprak-burgu-seti\/","title":{"rendered":"Manuel Toprak Burgu Seti"},"content":{"rendered":"","protected":false},"excerpt":{"rendered":"<p>Arazide zeminin incelenmesi i\u00e7in ideal bir aparat olan\u00a0<strong style=\"color:#0650a2 \">FR-T 781<\/strong>\u00a0Manuel Toprak Burgu Seti ile 5 metre derinli\u011fe kadar inilebilir.<\/p>\n<p><strong style=\"color:#0650a2 \">FR-T 781<\/strong>\u00a0manuel toprak burgu seti, T tipi burgu kolu (1 metre), 1 metre uzatma kolu, 80 mm, 100 mm ve 150 mm \u00e7apl\u0131 auger kafalar\u0131ndan olu\u015fur.<\/p>\n<p><a href=\"#\" target=\"_blank\" rel=\"noopener noreferrer\"><img loading=\"lazy\" class=\"alignnone size-full wp-image-1876\" src=\"https:\/\/foreas.com\/tr\/wp-content\/uploads\/2020\/10\/pdf.png\" alt=\"\" width=\"55\" height=\"55\" \/><\/a> <a href=\"#\" target=\"_blank\" rel=\"noopener noreferrer\"><img loading=\"lazy\" class=\"alignnone size-full wp-image-1876\" src=\"https:\/\/foreas.com\/tr\/wp-content\/uploads\/2020\/10\/youtube-2-1.png\" alt=\"\" width=\"48\" height=\"48\" \/><\/a> <\/p>\n","protected":false},"featured_media":3148,"comment_status":"open","ping_status":"closed","template":"","meta":[],"product_cat":[31],"product_tag":[],"_links":{"self":[{"href":"https:\/\/www.foreas.com\/tr\/wp-json\/wp\/v2\/product\/2555"}],"collection":[{"href":"https:\/\/www.foreas.com\/tr\/wp-json\/wp\/v2\/product"}],"about":[{"href":"https:\/\/www.foreas.com\/tr\/wp-json\/wp\/v2\/types\/product"}],"replies":[{"embeddable":true,"href":"https:\/\/www.foreas.com\/tr\/wp-json\/wp\/v2\/comments?post=2555"}],"wp:featuredmedia":[{"embeddable":true,"href":"https:\/\/www.foreas.com\/tr\/wp-json\/wp\/v2\/media\/3148"}],"wp:attachment":[{"href":"https:\/\/www.foreas.com\/tr\/wp-json\/wp\/v2\/media?parent=2555"}],"wp:term":[{"taxonomy":"product_cat","embeddable":true,"href":"https:\/\/www.foreas.com\/tr\/wp-json\/wp\/v2\/product_cat?post=2555"},{"taxonomy":"product_tag","embeddable":true,"href":"https:\/\/www.foreas.com\/tr\/wp-json\/wp\/v2\/product_tag?post=2555"}],"curies":[{"name":"wp","href":"https:\/\/api.w.org\/{rel}","templated":true}]}}