{"id":2547,"date":"2020-10-16T16:18:27","date_gmt":"2020-10-16T13:18:27","guid":{"rendered":"https:\/\/foreas.com\/tr\/?post_type=product&#038;p=2547"},"modified":"2020-10-30T21:14:48","modified_gmt":"2020-10-30T18:14:48","slug":"su-seviyesi-tespit-cihazi","status":"publish","type":"product","link":"https:\/\/www.foreas.com\/tr\/urun\/su-seviyesi-tespit-cihazi\/","title":{"rendered":"Su Seviyesi Tespit Cihaz\u0131"},"content":{"rendered":"","protected":false},"excerpt":{"rendered":"<p><strong style=\"color:#0650a2 \">\u00dcr\u00fcn kodu: FR-Z 059<\/strong><\/p>\n<p>Su Seviyesi \u00d6l\u00e7\u00fcm Cihaz\u0131 (Elektrikli Kontak Metre), su seviyesi,\u00a0sondaj kuyusu toplam derinli\u011fi, su kuyusu derinli\u011fi, g\u00f6zlem\u00a0borular\u0131, su rezervuarlar\u0131 \u00f6l\u00e7\u00fcmleri ve ayr\u0131ca pompalama testleri\u00a0kontrolu i\u00e7in kullan\u0131lan ta\u015f\u0131nabilir, kullan\u0131m\u0131 kolay ve g\u00fcvenilir\u00a0cihazd\u0131r.<\/p>\n<p>\u00d6l\u00e7\u00fcm probundaki elektrod su y\u00fczeyi ile temas etti\u011fi anda,\u00a0cihazdaki sesli alarm ile birlikte ikaz lambas\u0131 devreye girer. Su\u00a0seviyesi, \u015ferit metre \u00fczerinden metre ve cm olarak okunabilir.<\/p>\n<p><a href=\"#\" target=\"_blank\" rel=\"noopener noreferrer\"><img loading=\"lazy\" class=\"alignnone size-full wp-image-1876\" src=\"https:\/\/foreas.com\/tr\/wp-content\/uploads\/2020\/10\/pdf.png\" alt=\"\" width=\"55\" height=\"55\" \/><\/a> <a href=\"#\" target=\"_blank\" rel=\"noopener noreferrer\"><img loading=\"lazy\" class=\"alignnone size-full wp-image-1876\" src=\"https:\/\/foreas.com\/tr\/wp-content\/uploads\/2020\/10\/youtube-2-1.png\" alt=\"\" width=\"48\" height=\"48\" \/><\/a> <\/p>\n","protected":false},"featured_media":3159,"comment_status":"open","ping_status":"closed","template":"","meta":[],"product_cat":[31],"product_tag":[],"_links":{"self":[{"href":"https:\/\/www.foreas.com\/tr\/wp-json\/wp\/v2\/product\/2547"}],"collection":[{"href":"https:\/\/www.foreas.com\/tr\/wp-json\/wp\/v2\/product"}],"about":[{"href":"https:\/\/www.foreas.com\/tr\/wp-json\/wp\/v2\/types\/product"}],"replies":[{"embeddable":true,"href":"https:\/\/www.foreas.com\/tr\/wp-json\/wp\/v2\/comments?post=2547"}],"wp:featuredmedia":[{"embeddable":true,"href":"https:\/\/www.foreas.com\/tr\/wp-json\/wp\/v2\/media\/3159"}],"wp:attachment":[{"href":"https:\/\/www.foreas.com\/tr\/wp-json\/wp\/v2\/media?parent=2547"}],"wp:term":[{"taxonomy":"product_cat","embeddable":true,"href":"https:\/\/www.foreas.com\/tr\/wp-json\/wp\/v2\/product_cat?post=2547"},{"taxonomy":"product_tag","embeddable":true,"href":"https:\/\/www.foreas.com\/tr\/wp-json\/wp\/v2\/product_tag?post=2547"}],"curies":[{"name":"wp","href":"https:\/\/api.w.org\/{rel}","templated":true}]}}