{"id":2457,"date":"2020-10-16T10:14:17","date_gmt":"2020-10-16T07:14:17","guid":{"rendered":"https:\/\/foreas.com\/tr\/?post_type=product&#038;p=2457"},"modified":"2020-10-30T20:58:10","modified_gmt":"2020-10-30T17:58:10","slug":"bohme-asindirma-test-cihazi","status":"publish","type":"product","link":"https:\/\/www.foreas.com\/tr\/urun\/bohme-asindirma-test-cihazi\/","title":{"rendered":"B\u00f6hme A\u015f\u0131nd\u0131rma Test Cihaz\u0131"},"content":{"rendered":"","protected":false},"excerpt":{"rendered":"<p><b>\u00a0<\/b><\/p>\n<p><strong style=\"color: #0650a2\">FR-AG 45<\/strong><\/p>\n<p><strong style=\"color: #0650a2\">A\u00e7\u0131klama:<\/strong> B\u00f6hme (Yatay) A\u015f\u0131nd\u0131rma Cihaz\u0131, i\u00e7 veya d\u0131\u015f zemin kaplamas\u0131 olarak kullan\u0131lan do\u011fal ta\u015f ve beton \u00fcr\u00fcnlerde, a\u015f\u0131nma direncinin belirlenmesinde kullan\u0131l\u0131r.<\/p>\n<p>Cihaz, (30 \u00b1 1) devir\/dakika\u00a0 h\u0131zla d\u00f6nen 750 mm \u00e7apl\u0131 yatay a\u015f\u0131nd\u0131rma diski, kald\u0131ra\u00e7 kolu, numune y\u00fckleme a\u011f\u0131rl\u0131\u011f\u0131, kar\u015f\u0131 a\u011f\u0131rl\u0131k ve numune tutucu aparattan olu\u015fur. Cihaz, her 22 devir sonras\u0131 otomatik olarak sistemi durduran dijital saya\u00e7l\u0131d\u0131r.<\/p>\n<p><strong >FR-AG 45<\/strong>\u00a0A\u015f\u0131nd\u0131r\u0131c\u0131 toz ayr\u0131ca sipari\u015f edilmelidir.<\/p>\n<p><a href=\"#\" target=\"_blank\" rel=\"noopener noreferrer\"><img loading=\"lazy\" class=\"alignnone size-full wp-image-1876\" src=\"https:\/\/foreas.com\/tr\/wp-content\/uploads\/2020\/10\/pdf.png\" alt=\"\" width=\"55\" height=\"55\" \/><\/a> <a href=\"#\" target=\"_blank\" rel=\"noopener noreferrer\"><img loading=\"lazy\" class=\"alignnone size-full wp-image-1876\" src=\"https:\/\/foreas.com\/tr\/wp-content\/uploads\/2020\/10\/youtube-2-1.png\" alt=\"\" width=\"48\" height=\"48\" \/><\/a> <\/p>\n","protected":false},"featured_media":3050,"comment_status":"open","ping_status":"closed","template":"","meta":[],"product_cat":[29],"product_tag":[],"_links":{"self":[{"href":"https:\/\/www.foreas.com\/tr\/wp-json\/wp\/v2\/product\/2457"}],"collection":[{"href":"https:\/\/www.foreas.com\/tr\/wp-json\/wp\/v2\/product"}],"about":[{"href":"https:\/\/www.foreas.com\/tr\/wp-json\/wp\/v2\/types\/product"}],"replies":[{"embeddable":true,"href":"https:\/\/www.foreas.com\/tr\/wp-json\/wp\/v2\/comments?post=2457"}],"wp:featuredmedia":[{"embeddable":true,"href":"https:\/\/www.foreas.com\/tr\/wp-json\/wp\/v2\/media\/3050"}],"wp:attachment":[{"href":"https:\/\/www.foreas.com\/tr\/wp-json\/wp\/v2\/media?parent=2457"}],"wp:term":[{"taxonomy":"product_cat","embeddable":true,"href":"https:\/\/www.foreas.com\/tr\/wp-json\/wp\/v2\/product_cat?post=2457"},{"taxonomy":"product_tag","embeddable":true,"href":"https:\/\/www.foreas.com\/tr\/wp-json\/wp\/v2\/product_tag?post=2457"}],"curies":[{"name":"wp","href":"https:\/\/api.w.org\/{rel}","templated":true}]}}