{"id":4077,"date":"2025-01-02T16:19:52","date_gmt":"2025-01-02T13:19:52","guid":{"rendered":"https:\/\/www.foreas.com\/tr\/?page_id=4077"},"modified":"2025-01-02T17:14:22","modified_gmt":"2025-01-02T14:14:22","slug":"kopru-ve-viyadukler-yapi-hareketliligi-izleme-istasyonlari","status":"publish","type":"page","link":"https:\/\/www.foreas.com\/tr\/kopru-ve-viyadukler-yapi-hareketliligi-izleme-istasyonlari\/","title":{"rendered":"K\u00d6PR\u00dc VE V\u0130YAD\u00dcKLER YAPI HAREKETL\u0130L\u0130\u011e\u0130 \u0130ZLEME \u0130STASYONLARI"},"content":{"rendered":"\n<h3>Senceive \u00a0Altyap\u0131\u00a0 \u0130zleme<\/h3>\n\n\n\n<div class=\"wp-block-image\"><figure class=\"aligncenter size-large\"><img loading=\"lazy\" width=\"1024\" height=\"607\" src=\"https:\/\/www.foreas.com\/tr\/wp-content\/uploads\/2025\/01\/image-1024x607.png\" alt=\"\" class=\"wp-image-4083\" srcset=\"https:\/\/www.foreas.com\/tr\/wp-content\/uploads\/2025\/01\/image-1024x607.png 1024w, https:\/\/www.foreas.com\/tr\/wp-content\/uploads\/2025\/01\/image-300x178.png 300w, https:\/\/www.foreas.com\/tr\/wp-content\/uploads\/2025\/01\/image-768x455.png 768w, https:\/\/www.foreas.com\/tr\/wp-content\/uploads\/2025\/01\/image-1536x911.png 1536w, https:\/\/www.foreas.com\/tr\/wp-content\/uploads\/2025\/01\/image-600x356.png 600w, https:\/\/www.foreas.com\/tr\/wp-content\/uploads\/2025\/01\/image.png 1897w\" sizes=\"(max-width: 1024px) 100vw, 1024px\" \/><\/figure><\/div>\n\n\n\n<h4>Kablosuz uzaktan izlemeyi se\u00e7mek i\u00e7in be\u015f neden:<\/h4>\n\n\n\n<div class=\"wp-block-image\"><figure class=\"aligncenter size-large\"><img loading=\"lazy\" width=\"1024\" height=\"320\" src=\"https:\/\/www.foreas.com\/tr\/wp-content\/uploads\/2025\/01\/3-1024x320.png\" alt=\"\" class=\"wp-image-4093\" srcset=\"https:\/\/www.foreas.com\/tr\/wp-content\/uploads\/2025\/01\/3-1024x320.png 1024w, https:\/\/www.foreas.com\/tr\/wp-content\/uploads\/2025\/01\/3-300x94.png 300w, https:\/\/www.foreas.com\/tr\/wp-content\/uploads\/2025\/01\/3-768x240.png 768w, https:\/\/www.foreas.com\/tr\/wp-content\/uploads\/2025\/01\/3-600x188.png 600w, https:\/\/www.foreas.com\/tr\/wp-content\/uploads\/2025\/01\/3.png 1443w\" sizes=\"(max-width: 1024px) 100vw, 1024px\" \/><\/figure><\/div>\n\n\n\n<div class=\"wp-block-image\"><figure class=\"aligncenter size-large\"><img loading=\"lazy\" width=\"1024\" height=\"574\" src=\"https:\/\/www.foreas.com\/tr\/wp-content\/uploads\/2025\/01\/4-1024x574.png\" alt=\"\" class=\"wp-image-4095\" srcset=\"https:\/\/www.foreas.com\/tr\/wp-content\/uploads\/2025\/01\/4-1024x574.png 1024w, https:\/\/www.foreas.com\/tr\/wp-content\/uploads\/2025\/01\/4-300x168.png 300w, https:\/\/www.foreas.com\/tr\/wp-content\/uploads\/2025\/01\/4-768x430.png 768w, https:\/\/www.foreas.com\/tr\/wp-content\/uploads\/2025\/01\/4-600x336.png 600w, https:\/\/www.foreas.com\/tr\/wp-content\/uploads\/2025\/01\/4.png 1447w\" sizes=\"(max-width: 1024px) 100vw, 1024px\" \/><\/figure><\/div>\n\n\n\n<p><strong>Bir K\u00f6pr\u00fcn\u00fcn Bile\u015fenleri (\u00f6rnek)<\/strong><\/p>\n\n\n\n<div class=\"wp-block-image\"><figure class=\"aligncenter size-large\"><img loading=\"lazy\" width=\"1006\" height=\"457\" src=\"https:\/\/www.foreas.com\/tr\/wp-content\/uploads\/2025\/01\/5.jpg\" alt=\"\" class=\"wp-image-4096\" srcset=\"https:\/\/www.foreas.com\/tr\/wp-content\/uploads\/2025\/01\/5.jpg 1006w, https:\/\/www.foreas.com\/tr\/wp-content\/uploads\/2025\/01\/5-300x136.jpg 300w, https:\/\/www.foreas.com\/tr\/wp-content\/uploads\/2025\/01\/5-768x349.jpg 768w, https:\/\/www.foreas.com\/tr\/wp-content\/uploads\/2025\/01\/5-600x273.jpg 600w\" sizes=\"(max-width: 1006px) 100vw, 1006px\" \/><\/figure><\/div>\n\n\n\n<h3>\u0130leti\u015fim ve Sens\u00f6r T\u00fcrleri<\/h3>\n\n\n\n<div class=\"wp-block-columns\">\n<div class=\"wp-block-column\">\n<p><strong>GeoWAN gateway<\/strong><\/p>\n\n\n\n<div class=\"wp-block-image\"><figure class=\"aligncenter size-large\"><img loading=\"lazy\" width=\"467\" height=\"517\" src=\"https:\/\/www.foreas.com\/tr\/wp-content\/uploads\/2025\/01\/6.png\" alt=\"\" class=\"wp-image-4098\" srcset=\"https:\/\/www.foreas.com\/tr\/wp-content\/uploads\/2025\/01\/6.png 467w, https:\/\/www.foreas.com\/tr\/wp-content\/uploads\/2025\/01\/6-271x300.png 271w\" sizes=\"(max-width: 467px) 100vw, 467px\" \/><\/figure><\/div>\n<\/div>\n\n\n\n<div class=\"wp-block-column\">\n<div class=\"wp-block-image\"><figure class=\"aligncenter size-large is-resized\"><img loading=\"lazy\" src=\"https:\/\/www.foreas.com\/tr\/wp-content\/uploads\/2025\/01\/flat.png\" alt=\"\" class=\"wp-image-4099\" width=\"175\" height=\"175\" srcset=\"https:\/\/www.foreas.com\/tr\/wp-content\/uploads\/2025\/01\/flat.png 700w, https:\/\/www.foreas.com\/tr\/wp-content\/uploads\/2025\/01\/flat-300x300.png 300w, https:\/\/www.foreas.com\/tr\/wp-content\/uploads\/2025\/01\/flat-150x150.png 150w, https:\/\/www.foreas.com\/tr\/wp-content\/uploads\/2025\/01\/flat-600x600.png 600w, https:\/\/www.foreas.com\/tr\/wp-content\/uploads\/2025\/01\/flat-100x100.png 100w\" sizes=\"(max-width: 175px) 100vw, 175px\" \/><\/figure><\/div>\n\n\n\n<ul><li>\u00dc\u00e7\u00fcnc\u00fc nesil ak\u0131ll\u0131 esnek \u00f6rg\u00fc a\u011f izleme platformu\/mimarisi<\/li><li>300 metreye kadar menzil (a\u011f ge\u00e7idinden d\u00fc\u011f\u00fcme veya d\u00fc\u011f\u00fcmden d\u00fc\u011f\u00fcme), optimum ko\u015fullarda<\/li><li>Pil \u00f6mr\u00fc 15 y\u0131la kadar<\/li><li>Yo\u011fun kablosuz sens\u00f6r d\u00fc\u011f\u00fcm\u00fc da\u011f\u0131t\u0131mlar\u0131 i\u00e7in en iyisi<\/li><li>Standart raporlama oran\u0131: 10 dakika<\/li><li>Tamamen uzaktan yap\u0131land\u0131r\u0131labilir<\/li><li>\u0130nsan m\u00fcdahalesini en aza indirmek i\u00e7in sens\u00f6rlerin ger\u00e7ek hareketine dayal\u0131 ak\u0131ll\u0131 ve tetiklenen \u00f6rnekleme h\u0131zlar\u0131 ile kullan\u0131labilir<\/li><li>\u00c7oklu yap\u0131sal ve jeoteknik sens\u00f6r tipleri ve entegre 4G kameralar ile ak\u0131ll\u0131 bir \u00e7\u00f6z\u00fcm olarak i\u015flev g\u00f6rebilir.<\/li><li>T\u00fcm jeoteknik ve yap\u0131sal sens\u00f6rlerle uyumlu<\/li><li>\u0130deal uygulamalar; t\u00fcneller, demiryolu raylar\u0131, k\u00f6pr\u00fcler, duvarlar, kaz\u0131klar, yap\u0131lar, jeoteknik toprak i\u015fleri ve toprak su i\u00e7eri\u011fi \u00f6l\u00e7\u00fcmleri<\/li><\/ul>\n<\/div>\n\n\n\n<div class=\"wp-block-column\">\n<div class=\"wp-block-image\"><figure class=\"aligncenter size-large is-resized\"><img loading=\"lazy\" src=\"https:\/\/www.foreas.com\/tr\/wp-content\/uploads\/2025\/01\/geo.png\" alt=\"\" class=\"wp-image-4100\" width=\"169\" height=\"169\" srcset=\"https:\/\/www.foreas.com\/tr\/wp-content\/uploads\/2025\/01\/geo.png 225w, https:\/\/www.foreas.com\/tr\/wp-content\/uploads\/2025\/01\/geo-150x150.png 150w, https:\/\/www.foreas.com\/tr\/wp-content\/uploads\/2025\/01\/geo-100x100.png 100w\" sizes=\"(max-width: 169px) 100vw, 169px\" \/><\/figure><\/div>\n\n\n\n<ul><li>Uzun menzilli noktadan noktaya kablosuz platform, zorlu ortamlar i\u00e7in ideal, kat\u0131 engelleri &#8216;g\u00f6rebilen&#8217;<\/li><li>Optimum ko\u015fullarda 15 km menzile kadar (a\u011f ge\u00e7idinden d\u00fc\u011f\u00fcme) ve daha yo\u011fun kentsel ortamlarda tipik olarak 2-4 km<\/li><li>Pil \u00f6mr\u00fc 15 y\u0131la kadar<\/li><li>Standart raporlama oran\u0131: 1 saat<\/li><li>A\u011fdaki d\u00fc\u011f\u00fcm say\u0131s\u0131 raporlama h\u0131z\u0131n\u0131 etkileyecektir<\/li><li>Uzaktan yap\u0131land\u0131r\u0131labilir, ancak daha s\u0131n\u0131rl\u0131 bant geni\u015fli\u011fi kullan\u0131labilir<\/li><li>A\u011fdaki di\u011fer d\u00fc\u011f\u00fcmlerden tetiklenmi\u015f alg\u0131lama yok<\/li><li>T\u00fcm jeoteknik ve yap\u0131sal sens\u00f6rlerle uyumlu<\/li><li>\u0130deal uygulamalar: s\u0131k\u0131\u015f\u0131k kentsel ortamlar, sens\u00f6rlerin geni\u015f alanlara da\u011f\u0131ld\u0131\u011f\u0131 uzun menzilli uygulamalar, engeller \u00fczerinden ileti\u015fimin gerekli oldu\u011fu uygulamalar ve \u015febeke g\u00fcc\u00fcn\u00fcn mevcut oldu\u011fu sahalar<\/li><\/ul>\n<\/div>\n<\/div>\n\n\n\n<h4>Yerinde Sens\u00f6rler<\/h4>\n\n\n\n<div class=\"wp-block-columns\">\n<div class=\"wp-block-column\">\n<p><strong>Optik Deplasman Sens\u00f6r\u00fc + \u00dc\u00e7 Eksenli E\u011fim + dahili s\u0131cakl\u0131k sens\u00f6r\u00fc<\/strong><\/p>\n\n\n\n<figure class=\"wp-block-image size-large\"><img loading=\"lazy\" width=\"239\" height=\"217\" src=\"https:\/\/www.foreas.com\/tr\/wp-content\/uploads\/2025\/01\/image-2.png\" alt=\"\" class=\"wp-image-4105\"\/><\/figure>\n\n\n\n<p><strong>\u00c7\u00f6z\u00fcm:<\/strong> <br>ODS: 0.1mm \u00a0<br>E\u011fim: 0.0001\u00b0<\/p>\n\n\n\n<p><strong>Tekrarlanabilirlik:<\/strong><br>ODS: +\/- 0.15mm E\u011fim: +\/- 0.0025\u00b0<\/p>\n\n\n\n<p><strong>Menzil<\/strong>:<br>ODS: 0\u2019dan 50-150m E\u011fim: +\/- 90\u00b0<br><\/p>\n<\/div>\n\n\n\n<div class=\"wp-block-column\">\n<p><strong><strong>\u00dc\u00e7 eksenli E\u011fim sens\u00f6r\u00fc + dahili s\u0131cakl\u0131k sens\u00f6r\u00fc<\/strong><\/strong><\/p>\n\n\n\n<figure class=\"wp-block-image size-large\"><img loading=\"lazy\" width=\"281\" height=\"209\" src=\"https:\/\/www.foreas.com\/tr\/wp-content\/uploads\/2025\/01\/11111.png\" alt=\"\" class=\"wp-image-4107\"\/><\/figure>\n\n\n\n<p><strong>\u00c7\u00f6z\u00fcm:<\/strong> <br>0.0001\u00b0 \/ <br>0.00175 mm\/m<\/p>\n\n\n\n<p><strong>Tekrarlanabilirlik:<\/strong><br>+\/- 0.0025\u00b0 \/ <br>+\/- 0.00436 mm\/m<\/p>\n\n\n\n<p><strong>Menzil<\/strong>:<br>+\/- 90\u00b0<br><\/p>\n<\/div>\n\n\n\n<div class=\"wp-block-column\">\n<p><strong><strong>Sens\u00f6r aray\u00fcz D\u00fc\u011f\u00fcmleri: \u00c7atlak Sens\u00f6r D\u00fc\u011f\u00fcm\u00fc, VW D\u00fc\u011f\u00fcm\u00fc, MVV D\u00fc\u011f\u00fcm\u00fc<\/strong><\/strong><\/p>\n\n\n\n<figure class=\"wp-block-image size-large\"><img loading=\"lazy\" width=\"720\" height=\"327\" src=\"https:\/\/www.foreas.com\/tr\/wp-content\/uploads\/2025\/01\/33333.png\" alt=\"\" class=\"wp-image-4108\" srcset=\"https:\/\/www.foreas.com\/tr\/wp-content\/uploads\/2025\/01\/33333.png 720w, https:\/\/www.foreas.com\/tr\/wp-content\/uploads\/2025\/01\/33333-300x136.png 300w, https:\/\/www.foreas.com\/tr\/wp-content\/uploads\/2025\/01\/33333-600x273.png 600w\" sizes=\"(max-width: 720px) 100vw, 720px\" \/><\/figure>\n\n\n\n<p><strong>\u00c7\u00f6z\u00fcm:<\/strong> <br>Esasen sonsuz (aray\u00fcz sens\u00f6r\u00fc tipine ba\u011fl\u0131d\u0131r)<\/p>\n\n\n\n<p><strong>Tekrarlanabilirlik:<\/strong><br>Esasen sonsuz (aray\u00fcz sens\u00f6r\u00fc tipine ba\u011fl\u0131d\u0131r)\u00c7atlak Sens\u00f6r\u00fc: &lt;0,01 mm<\/p>\n\n\n\n<p><strong>Menzil<\/strong>:<br>Esasen sonsuz (aray\u00fcz sens\u00f6r\u00fc tipine ba\u011fl\u0131d\u0131r) \u00c7atlak Sens\u00f6r\u00fc: 0 ila 25-200 mm<br><\/p>\n<\/div>\n<\/div>\n\n\n\n<h3>K\u00f6pr\u00fc Bile\u015fenlerinin \u0130zlenmesi<\/h3>\n\n\n\n<h4>\u00dcstyap\u0131 &#8211; Kiri\u015f<\/h4>\n\n\n\n<div class=\"wp-block-columns\">\n<div class=\"wp-block-column\">\n<figure class=\"wp-block-image size-large\"><img loading=\"lazy\" width=\"459\" height=\"542\" src=\"https:\/\/www.foreas.com\/tr\/wp-content\/uploads\/2025\/01\/d1.jpg\" alt=\"\" class=\"wp-image-4112\" srcset=\"https:\/\/www.foreas.com\/tr\/wp-content\/uploads\/2025\/01\/d1.jpg 459w, https:\/\/www.foreas.com\/tr\/wp-content\/uploads\/2025\/01\/d1-254x300.jpg 254w\" sizes=\"(max-width: 459px) 100vw, 459px\" \/><\/figure>\n<\/div>\n\n\n\n<div class=\"wp-block-column\">\n<figure class=\"wp-block-image size-large\"><img loading=\"lazy\" width=\"781\" height=\"848\" src=\"https:\/\/www.foreas.com\/tr\/wp-content\/uploads\/2025\/01\/d2.png\" alt=\"\" class=\"wp-image-4113\" srcset=\"https:\/\/www.foreas.com\/tr\/wp-content\/uploads\/2025\/01\/d2.png 781w, https:\/\/www.foreas.com\/tr\/wp-content\/uploads\/2025\/01\/d2-276x300.png 276w, https:\/\/www.foreas.com\/tr\/wp-content\/uploads\/2025\/01\/d2-768x834.png 768w, https:\/\/www.foreas.com\/tr\/wp-content\/uploads\/2025\/01\/d2-600x651.png 600w\" sizes=\"(max-width: 781px) 100vw, 781px\" \/><\/figure>\n<\/div>\n\n\n\n<div class=\"wp-block-column\">\n<p>Yap\u0131n\u0131n sapmas\u0131n\u0131 izlemek i\u00e7in e\u011fim sens\u00f6rleri ve yap\u0131 boyunca uzunlamas\u0131na bir oturma profili olu\u015fturmak i\u00e7in e\u011fim sens\u00f6r\u00fc zincirleri.\u00a0 Ama\u00e7, tasar\u0131m \u00f6mr\u00fc boyunca ve deprem gibi olaylardan sonra yap\u0131daki potansiyel hasar\u0131 \u00f6l\u00e7mektir. Yap\u0131sal kusurlar\u0131 ve \u00e7atlaklar\u0131 izlemek i\u00e7in \u00e7atlak sens\u00f6rleri.\u00a0 Kiri\u015f elemanlar\u0131ndaki gerilimi izlemek i\u00e7in Gerinim \u00d6l\u00e7erler.<\/p>\n<\/div>\n<\/div>\n\n\n\n<h4>Alt Yap\u0131 &#8211; Yataklar, Ba\u011flant\u0131lar<\/h4>\n\n\n\n<div class=\"wp-block-columns\">\n<div class=\"wp-block-column\">\n<figure class=\"wp-block-image size-large\"><img loading=\"lazy\" width=\"712\" height=\"542\" src=\"https:\/\/www.foreas.com\/tr\/wp-content\/uploads\/2025\/01\/d3.jpg\" alt=\"\" class=\"wp-image-4116\" srcset=\"https:\/\/www.foreas.com\/tr\/wp-content\/uploads\/2025\/01\/d3.jpg 712w, https:\/\/www.foreas.com\/tr\/wp-content\/uploads\/2025\/01\/d3-300x228.jpg 300w, https:\/\/www.foreas.com\/tr\/wp-content\/uploads\/2025\/01\/d3-600x457.jpg 600w\" sizes=\"(max-width: 712px) 100vw, 712px\" \/><\/figure>\n<\/div>\n\n\n\n<div class=\"wp-block-column\">\n<p>Optik yer de\u011fi\u015ftirme sens\u00f6rleri &#8211; mesafe \u00f6l\u00e7\u00fcm\u00fc, hedeflenen yap\u0131n\u0131n deformasyonu hakk\u0131nda bilgi sa\u011flar ve e\u011fim \u00f6l\u00e7\u00fcm\u00fc, kullan\u0131c\u0131y\u0131 sens\u00f6r\u00fcn kendisinin ve monte edildi\u011fi referans yap\u0131n\u0131n stabilitesi hakk\u0131nda bilgilendirir.<\/p>\n\n\n\n<figure class=\"wp-block-image size-large\"><img loading=\"lazy\" width=\"480\" height=\"360\" src=\"https:\/\/www.foreas.com\/tr\/wp-content\/uploads\/2025\/01\/d4.png\" alt=\"\" class=\"wp-image-4117\" srcset=\"https:\/\/www.foreas.com\/tr\/wp-content\/uploads\/2025\/01\/d4.png 480w, https:\/\/www.foreas.com\/tr\/wp-content\/uploads\/2025\/01\/d4-300x225.png 300w\" sizes=\"(max-width: 480px) 100vw, 480px\" \/><\/figure>\n<\/div>\n<\/div>\n\n\n\n<h3>Bir K\u00f6pr\u00fcn\u00fcn Bile\u015fenlerinin \u0130zlenmesi<\/h3>\n\n\n\n<h4>Alt Yap\u0131 &#8211; Mesnetler, Genle\u015fme Derzleri<\/h4>\n\n\n\n<div class=\"wp-block-columns\">\n<div class=\"wp-block-column\" style=\"flex-basis:60%\">\n<figure class=\"wp-block-image size-large\"><img loading=\"lazy\" width=\"919\" height=\"805\" src=\"https:\/\/www.foreas.com\/tr\/wp-content\/uploads\/2025\/01\/d5.png\" alt=\"\" class=\"wp-image-4120\" srcset=\"https:\/\/www.foreas.com\/tr\/wp-content\/uploads\/2025\/01\/d5.png 919w, https:\/\/www.foreas.com\/tr\/wp-content\/uploads\/2025\/01\/d5-300x263.png 300w, https:\/\/www.foreas.com\/tr\/wp-content\/uploads\/2025\/01\/d5-768x673.png 768w, https:\/\/www.foreas.com\/tr\/wp-content\/uploads\/2025\/01\/d5-600x526.png 600w\" sizes=\"(max-width: 919px) 100vw, 919px\" \/><\/figure>\n<\/div>\n\n\n\n<div class=\"wp-block-column\" style=\"flex-basis:60%\">\n<p>Potansiyometrik \u00e7atlak sens\u00f6rlerine sahip \u00c7atlak Sens\u00f6r\u00fc D\u00fc\u011f\u00fcm\u00fc, kaz\u0131k ayr\u0131lmas\u0131, \u00e7atlak hareketi ve genle\u015fme derzi hareketi dahil olmak \u00fczere yap\u0131sal hareketi izlemek i\u00e7in kullan\u0131l\u0131r. E\u011fim sens\u00f6rleri ile kombinasyon halinde yap\u0131n\u0131n potansiyel sapmas\u0131 bulunur.<\/p>\n<\/div>\n<\/div>\n\n\n\n<h3>Bir K\u00f6pr\u00fc Temelinin Bile\u015fenlerinin \u0130zlenmesi<\/h3>\n\n\n\n<div class=\"wp-block-image\"><figure class=\"aligncenter size-large\"><img loading=\"lazy\" width=\"1024\" height=\"602\" src=\"https:\/\/www.foreas.com\/tr\/wp-content\/uploads\/2025\/01\/q1-1024x602.png\" alt=\"\" class=\"wp-image-4126\" srcset=\"https:\/\/www.foreas.com\/tr\/wp-content\/uploads\/2025\/01\/q1-1024x602.png 1024w, https:\/\/www.foreas.com\/tr\/wp-content\/uploads\/2025\/01\/q1-300x176.png 300w, https:\/\/www.foreas.com\/tr\/wp-content\/uploads\/2025\/01\/q1-768x452.png 768w, https:\/\/www.foreas.com\/tr\/wp-content\/uploads\/2025\/01\/q1-600x353.png 600w, https:\/\/www.foreas.com\/tr\/wp-content\/uploads\/2025\/01\/q1.png 1165w\" sizes=\"(max-width: 1024px) 100vw, 1024px\" \/><\/figure><\/div>\n\n\n\n<p>Y\u00fczeye monte ve karde\u015f \u00e7ubuk gerinim \u00f6l\u00e7erler ve piezometreler i\u00e7in VW aray\u00fcz d\u00fc\u011f\u00fcmleri. Yap\u0131sal kusurlar\u0131 izlemek i\u00e7in \u00e7atlak sens\u00f6r\u00fc d\u00fc\u011f\u00fcmleri ve e\u011fim sens\u00f6rleri.<\/p>\n\n\n\n<h4>Biti\u015fik Yap\u0131 &#8211; Dayanaklar<\/h4>\n\n\n\n<p>Sapmay\u0131 ve g\u00f6receli hareketi izlemek i\u00e7in k\u00f6pr\u00fc aya\u011f\u0131 \u00fczerindeki e\u011fim sens\u00f6rleri (kiri\u015fler kullan\u0131larak). Ayaklar ve k\u00f6pr\u00fc ayaklar\u0131 aras\u0131ndaki hareket ve mesafe de\u011fi\u015fikliklerini izlemek i\u00e7in optik yer de\u011fi\u015ftirme sens\u00f6rleri.<\/p>\n\n\n\n<div class=\"wp-block-columns\">\n<div class=\"wp-block-column\">\n<div class=\"wp-block-image\"><figure class=\"aligncenter size-large\"><img loading=\"lazy\" width=\"940\" height=\"606\" src=\"https:\/\/www.foreas.com\/tr\/wp-content\/uploads\/2025\/01\/e1.png\" alt=\"\" class=\"wp-image-4129\" srcset=\"https:\/\/www.foreas.com\/tr\/wp-content\/uploads\/2025\/01\/e1.png 940w, https:\/\/www.foreas.com\/tr\/wp-content\/uploads\/2025\/01\/e1-300x193.png 300w, https:\/\/www.foreas.com\/tr\/wp-content\/uploads\/2025\/01\/e1-768x495.png 768w, https:\/\/www.foreas.com\/tr\/wp-content\/uploads\/2025\/01\/e1-600x387.png 600w\" sizes=\"(max-width: 940px) 100vw, 940px\" \/><\/figure><\/div>\n<\/div>\n\n\n\n<div class=\"wp-block-column\">\n<div class=\"wp-block-image\"><figure class=\"aligncenter size-large\"><img loading=\"lazy\" width=\"899\" height=\"606\" src=\"https:\/\/www.foreas.com\/tr\/wp-content\/uploads\/2025\/01\/e2.png\" alt=\"\" class=\"wp-image-4130\" srcset=\"https:\/\/www.foreas.com\/tr\/wp-content\/uploads\/2025\/01\/e2.png 899w, https:\/\/www.foreas.com\/tr\/wp-content\/uploads\/2025\/01\/e2-300x202.png 300w, https:\/\/www.foreas.com\/tr\/wp-content\/uploads\/2025\/01\/e2-768x518.png 768w, https:\/\/www.foreas.com\/tr\/wp-content\/uploads\/2025\/01\/e2-600x404.png 600w\" sizes=\"(max-width: 899px) 100vw, 899px\" \/><\/figure><\/div>\n<\/div>\n<\/div>\n\n\n\n<h3>K\u00f6pr\u00fc \u0130zleme \u00c7\u00f6z\u00fcm\u00fc<\/h3>\n\n\n\n<h4>AK-14 L\u0130MAN BA\u011eLANTI YOLU &#8211; ANA YOL KAV\u015eAK K\u00d6PR\u00dcS\u00dc<\/h4>\n\n\n\n<div class=\"wp-block-image\"><figure class=\"aligncenter size-large\"><img loading=\"lazy\" width=\"1024\" height=\"320\" src=\"https:\/\/www.foreas.com\/tr\/wp-content\/uploads\/2025\/01\/r22-1024x320.jpg\" alt=\"\" class=\"wp-image-4133\" srcset=\"https:\/\/www.foreas.com\/tr\/wp-content\/uploads\/2025\/01\/r22-1024x320.jpg 1024w, https:\/\/www.foreas.com\/tr\/wp-content\/uploads\/2025\/01\/r22-300x94.jpg 300w, https:\/\/www.foreas.com\/tr\/wp-content\/uploads\/2025\/01\/r22-768x240.jpg 768w, https:\/\/www.foreas.com\/tr\/wp-content\/uploads\/2025\/01\/r22-600x188.jpg 600w, https:\/\/www.foreas.com\/tr\/wp-content\/uploads\/2025\/01\/r22.jpg 1280w\" sizes=\"(max-width: 1024px) 100vw, 1024px\" \/><\/figure><\/div>\n\n\n\n<p>AK-14 L\u0130MAN BA\u011eLANTI YOLU-ANA YOL KAV\u015eA\u011eI K\u00d6PR\u00dcS\u00dc: 65+118 AYRIM L\u0130MAN-\u00c7ANDARLI BA\u011eLANTI YOLUKM:1+951.305. Uzunluk = 113,4 m; 3 s\u0131ra 5+5 s\u00fctun. S\u00fctunlar aras\u0131ndaki mesafe 4 m&#8217;dir. S\u00fctun s\u0131ralar\u0131 aras\u0131ndaki mesafe 25 m&#8217;dir. S\u00fctun s\u0131ralar\u0131n\u0131n \u00fczerinde \u00fc\u00e7 genle\u015fme derzi. Y\u00f6nl\u00fc \u015ferit ba\u015f\u0131na yakla\u015f\u0131k 20-30 m uzunlu\u011funda d\u00f6rt tabliye a\u00e7\u0131kl\u0131\u011f\u0131. \u0130ki k\u00f6pr\u00fc aya\u011f\u0131. 2 x4 y\u00f6nl\u00fc \u015ferit.<\/p>\n\n\n\n<div class=\"wp-block-image\"><figure class=\"aligncenter size-large\"><img loading=\"lazy\" width=\"1024\" height=\"482\" src=\"https:\/\/www.foreas.com\/tr\/wp-content\/uploads\/2025\/01\/t1-1024x482.png\" alt=\"\" class=\"wp-image-4134\" srcset=\"https:\/\/www.foreas.com\/tr\/wp-content\/uploads\/2025\/01\/t1-1024x482.png 1024w, https:\/\/www.foreas.com\/tr\/wp-content\/uploads\/2025\/01\/t1-300x141.png 300w, https:\/\/www.foreas.com\/tr\/wp-content\/uploads\/2025\/01\/t1-768x361.png 768w, https:\/\/www.foreas.com\/tr\/wp-content\/uploads\/2025\/01\/t1-600x282.png 600w, https:\/\/www.foreas.com\/tr\/wp-content\/uploads\/2025\/01\/t1.png 1254w\" sizes=\"(max-width: 1024px) 100vw, 1024px\" \/><\/figure><\/div>\n\n\n\n<p>Dayanaklar: Yap\u0131sal montaj braketlerine sahip 4 x e\u011fim sens\u00f6r\u00fc; Genle\u015fme derzleri: 6 x 1 par\u00e7al\u0131 \u00e7atlak sens\u00f6r\u00fc d\u00fc\u011f\u00fcmleri art\u0131 potansiyometrik \u00e7atlak sens\u00f6rleri. S\u00fctunlar: Yap\u0131sal braketli 6 x e\u011fim sens\u00f6r\u00fc ve yap\u0131sal braketli 1 optik yer de\u011fi\u015ftirme sens\u00f6r\u00fc. K\u00f6pr\u00fc a\u00e7\u0131kl\u0131\u011f\u0131: 8 tabliyenin merkezi kiri\u015flerinin ortas\u0131nda yap\u0131sal braketli 8 e\u011fim sens\u00f6r\u00fc. 1 G\u00fcne\u015f enerjisi beslemeli a\u011f ge\u00e7idi.<\/p>\n","protected":false},"excerpt":{"rendered":"<p>Senceive \u00a0Altyap\u0131\u00a0 \u0130zleme Kablosuz uzaktan izlemeyi se\u00e7mek i\u00e7in be\u015f neden: Bir K\u00f6pr\u00fcn\u00fcn Bile\u015fenleri (\u00f6rnek) \u0130leti\u015fim ve Sens\u00f6r T\u00fcrleri GeoWAN gateway \u00dc\u00e7\u00fcnc\u00fc nesil ak\u0131ll\u0131 esnek \u00f6rg\u00fc a\u011f izleme platformu\/mimarisi 300 metreye kadar menzil (a\u011f ge\u00e7idinden d\u00fc\u011f\u00fcme veya d\u00fc\u011f\u00fcmden d\u00fc\u011f\u00fcme), optimum ko\u015fullarda Pil \u00f6mr\u00fc 15 y\u0131la kadar Yo\u011fun kablosuz sens\u00f6r d\u00fc\u011f\u00fcm\u00fc da\u011f\u0131t\u0131mlar\u0131 i\u00e7in en iyisi Standart raporlama [&hellip;]<\/p>\n","protected":false},"author":1,"featured_media":0,"parent":0,"menu_order":0,"comment_status":"closed","ping_status":"closed","template":"","meta":[],"_links":{"self":[{"href":"https:\/\/www.foreas.com\/tr\/wp-json\/wp\/v2\/pages\/4077"}],"collection":[{"href":"https:\/\/www.foreas.com\/tr\/wp-json\/wp\/v2\/pages"}],"about":[{"href":"https:\/\/www.foreas.com\/tr\/wp-json\/wp\/v2\/types\/page"}],"author":[{"embeddable":true,"href":"https:\/\/www.foreas.com\/tr\/wp-json\/wp\/v2\/users\/1"}],"replies":[{"embeddable":true,"href":"https:\/\/www.foreas.com\/tr\/wp-json\/wp\/v2\/comments?post=4077"}],"version-history":[{"count":21,"href":"https:\/\/www.foreas.com\/tr\/wp-json\/wp\/v2\/pages\/4077\/revisions"}],"predecessor-version":[{"id":4138,"href":"https:\/\/www.foreas.com\/tr\/wp-json\/wp\/v2\/pages\/4077\/revisions\/4138"}],"wp:attachment":[{"href":"https:\/\/www.foreas.com\/tr\/wp-json\/wp\/v2\/media?parent=4077"}],"curies":[{"name":"wp","href":"https:\/\/api.w.org\/{rel}","templated":true}]}}