{"id":3955,"date":"2023-10-19T14:31:43","date_gmt":"2023-10-19T11:31:43","guid":{"rendered":"https:\/\/www.foreas.com\/tr\/?page_id=3955"},"modified":"2023-10-19T14:31:44","modified_gmt":"2023-10-19T11:31:44","slug":"neden-yapi-performans-analizi-calismasi-yaptirmaliyiz","status":"publish","type":"page","link":"https:\/\/www.foreas.com\/tr\/neden-yapi-performans-analizi-calismasi-yaptirmaliyiz\/","title":{"rendered":"NEDEN YAPI PERFORMANS ANAL\u0130Z\u0130 \u00c7ALI\u015eMASI YAPTIRMALIYIZ?"},"content":{"rendered":"\n<p>\u00dclkemiz deprem afeti a\u00e7\u0131s\u0131ndan risk alt\u0131nda. Ge\u00e7mi\u015f y\u0131llarda farkl\u0131 b\u00f6lgelerde bir\u00e7ok b\u00fcy\u00fck deprem ya\u015fand\u0131 ve bunlar\u0131n sonunda \u00e7ok say\u0131da can ve mal kayb\u0131 ya\u015fand\u0131. \u00d6zellikle son ya\u015fanan Mara\u015f b\u00f6lgesindeki depremlerin \u00e7evresindeki 12 ili fiziksel olarak etkilemi\u015f oldu\u011fu d\u00fc\u015f\u00fcn\u00fcld\u00fc\u011f\u00fcnde sadece depremin oldu\u011fu merkez nokta de\u011fil \u00e7evre illerinde risk alt\u0131nda oldu\u011fu a\u00e7\u0131k\u00e7a g\u00f6r\u00fclmektedir.<br>Ayr\u0131ca depremden dolay\u0131 zarar g\u00f6ren kamu binalar\u0131n\u0131n durumundan dolay\u0131 hayat ak\u0131\u015f\u0131n\u0131n olumsuz etkilendi\u011fi, kurumlar\u0131n faaliyetlerini y\u00fcr\u00fctmekte zorland\u0131\u011f\u0131 g\u00f6r\u00fclmektedir.<br>Erken al\u0131nacak \u00f6nlemler ile t\u00fcm bu kay\u0131plar\u0131n \u00f6n\u00fcne ge\u00e7ilebilir.<br>Yap\u0131 Performans Analizi (Deprem Analizi) ile yap\u0131lar\u0131n depreme dayan\u0131kl\u0131l\u0131\u011f\u0131n\u0131 \u00f6l\u00e7\u00fclebilir. Binalar\u0131n deprem riski alt\u0131nda olup olmad\u0131\u011f\u0131, e\u011fer bir risk durumu s\u00f6z konusuysa bunun derecesinin belirlenmesi ve al\u0131nabilecek \u00f6nlemlerin neler oldu\u011fu, deprem performans analizi sonucunda ortaya \u00e7\u0131kmaktad\u0131r.<br>E\u011fer yap\u0131da bu y\u00f6nde bir risk var ise:<br>Yap\u0131lacak g\u00fc\u00e7lendirme projesi ile yap\u0131n\u0131n 2018 mevcut T\u00fcrkiye Bina Deprem Y\u00f6netmeli\u011fi\u2019ne uygun hale getirilmesi sa\u011flan\u0131r. B\u00f6ylece \u00e7ok daha az bir maliyet ile b\u00fct\u00fcn bu kay\u0131plar\u0131n olu\u015fturaca\u011f\u0131 riskler ortadan kald\u0131r\u0131lm\u0131\u015f olur.<\/p>\n\n\n\n<p><strong>Tahribats\u0131z Sistemler ile Akademik \u00c7al\u0131\u015fma \u0130\u00e7erikli bir YPA (Yap\u0131 Performans Analizi) fark\u0131 ve faydalar\u0131 nelerdir?<\/strong><\/p>\n\n\n\n<ul><li>Tahribatl\u0131 sistemler ile yap\u0131lan \u00e7al\u0131\u015fmalarda yani betondan karot numunelerinin al\u0131nmas\u0131 ve beton s\u0131y\u0131rmalar\u0131 ile donat\u0131 kontrollerinde yap\u0131 istemsiz olarak ciddi anlamda zarar g\u00f6rebilmektedir. Tahribats\u0131z sistemlerde ise beton kontrol\u00fc Windsor Probe ve Ultrasonik Ses testleri ile yap\u0131lmaktad\u0131r, donat\u0131 kontrol\u00fc ise r\u00f6ntgen \u00e7ekimleri ile sa\u011flanmaktad\u0131r. B\u00f6ylece yap\u0131da fiziksel olarak belirli \u00e7al\u0131\u015fma b\u00f6lgelerinde s\u0131valar\u0131n kald\u0131r\u0131lmas\u0131 d\u0131\u015f\u0131nda fiziksel bir tahribat olu\u015fmamaktad\u0131r. B\u00f6ylelikle ta\u015f\u0131y\u0131c\u0131 sistemler herhangi bir tahribata maruz kalmazlar.<\/li><li>\u0130ncelenecek binalar aktif kullan\u0131mda olaca\u011f\u0131ndan tahribatl\u0131 sistemlerde ciddi engellemeler ortaya \u00e7\u0131kacakt\u0131r. Ortamda i\u015flemler yap\u0131l\u0131rken aktif olarak \u00e7al\u0131\u015fma \u015fans\u0131 olamaz. Ancak tahribats\u0131z sistemlerde ortamda \u00e7al\u0131\u015fmay\u0131 engelleyecek bir durum s\u00f6z konusu olmaz. \u0130\u015flemler tahribats\u0131z olaca\u011f\u0131ndan hem i\u015flemler s\u0131ras\u0131nda hem de sonras\u0131 tadilat s\u00fcreci \u00e7ok h\u0131zl\u0131 ilerlemekte ve \u00e7al\u0131\u015fmay\u0131 engellememektedir. <\/li><li>Tahribatl\u0131 sistemlerde incelenecek katlarda se\u00e7ilen minimum say\u0131da ta\u015f\u0131y\u0131c\u0131 \u00f6\u011fe kontrol edilirken \u00e7ok s\u0131n\u0131rl\u0131 bir bilgi toplanmaktad\u0131r. Bu toplanan k\u0131s\u0131tl\u0131 bilgi t\u00fcm kattaki ta\u015f\u0131y\u0131c\u0131lar ile ilgili bir kabul ile s\u00fcre\u00e7 ilerlemektedir. Tahribats\u0131z sistemler ile yap\u0131lan \u00e7al\u0131\u015fmalarda ise i\u015flemler h\u0131zl\u0131 ve hasars\u0131z olduklar\u0131 i\u00e7in kattaki bir\u00e7ok ta\u015f\u0131y\u0131c\u0131 \u00f6\u011fe kontrol edilmekte b\u00f6ylece \u00e7al\u0131\u015fma sonras\u0131 toplanan bilgi k\u0131s\u0131tl\u0131 de\u011fil detayl\u0131 olmaktad\u0131r. Bu da yap\u0131lan analizin do\u011frulu\u011fu ve g\u00fcvenli\u011fi a\u00e7\u0131s\u0131ndan \u00e7ok \u00f6nemlidir.<\/li><li>Genel uygulamalarda yap\u0131lan incelemeler sonucu toplanan veriler sekt\u00f6rde yayg\u0131n olan basit yaz\u0131l\u0131mlar ile de\u011ferlendirilmekte ve analiz sonu\u00e7lar\u0131 bu verilere g\u00f6re olu\u015fturulmaktad\u0131r. Akademik \u00e7al\u0131\u015fma i\u00e7erikli bir analizde ise \u00f6zel yaz\u0131l\u0131mlar ihtiyaca g\u00f6re ve do\u011fru alanlarda se\u00e7ilerek kullan\u0131lmakta b\u00f6ylece toplanan veriler \u00e7ok daha do\u011fru \u015fekilde analiz edilerek en sa\u011fl\u0131kl\u0131 ve do\u011fru sonu\u00e7lara ula\u015f\u0131l\u0131r. Verilen do\u011fru ve h\u0131zl\u0131 toplanmas\u0131 kadar do\u011fru yaz\u0131l\u0131mlar\u0131n do\u011fru \u015fekilde kullan\u0131larak \u00e7\u0131kan sonu\u00e7lar\u0131nda akademik birikimle do\u011fru \u015fekilde yorumlanmas\u0131 ve raporlanmas\u0131 da s\u00fcrecin ba\u015far\u0131s\u0131 i\u00e7in \u00e7ok \u00f6nemlidir.<\/li><\/ul>\n","protected":false},"excerpt":{"rendered":"<p>\u00dclkemiz deprem afeti a\u00e7\u0131s\u0131ndan risk alt\u0131nda. Ge\u00e7mi\u015f y\u0131llarda farkl\u0131 b\u00f6lgelerde bir\u00e7ok b\u00fcy\u00fck deprem ya\u015fand\u0131 ve bunlar\u0131n sonunda \u00e7ok say\u0131da can ve mal kayb\u0131 ya\u015fand\u0131. \u00d6zellikle son ya\u015fanan Mara\u015f b\u00f6lgesindeki depremlerin \u00e7evresindeki 12 ili fiziksel olarak etkilemi\u015f oldu\u011fu d\u00fc\u015f\u00fcn\u00fcld\u00fc\u011f\u00fcnde sadece depremin oldu\u011fu merkez nokta de\u011fil \u00e7evre illerinde risk alt\u0131nda oldu\u011fu a\u00e7\u0131k\u00e7a g\u00f6r\u00fclmektedir.Ayr\u0131ca depremden dolay\u0131 zarar g\u00f6ren [&hellip;]<\/p>\n","protected":false},"author":1,"featured_media":0,"parent":0,"menu_order":0,"comment_status":"closed","ping_status":"closed","template":"","meta":[],"_links":{"self":[{"href":"https:\/\/www.foreas.com\/tr\/wp-json\/wp\/v2\/pages\/3955"}],"collection":[{"href":"https:\/\/www.foreas.com\/tr\/wp-json\/wp\/v2\/pages"}],"about":[{"href":"https:\/\/www.foreas.com\/tr\/wp-json\/wp\/v2\/types\/page"}],"author":[{"embeddable":true,"href":"https:\/\/www.foreas.com\/tr\/wp-json\/wp\/v2\/users\/1"}],"replies":[{"embeddable":true,"href":"https:\/\/www.foreas.com\/tr\/wp-json\/wp\/v2\/comments?post=3955"}],"version-history":[{"count":2,"href":"https:\/\/www.foreas.com\/tr\/wp-json\/wp\/v2\/pages\/3955\/revisions"}],"predecessor-version":[{"id":3957,"href":"https:\/\/www.foreas.com\/tr\/wp-json\/wp\/v2\/pages\/3955\/revisions\/3957"}],"wp:attachment":[{"href":"https:\/\/www.foreas.com\/tr\/wp-json\/wp\/v2\/media?parent=3955"}],"curies":[{"name":"wp","href":"https:\/\/api.w.org\/{rel}","templated":true}]}}