{"id":3878,"date":"2023-05-26T11:15:26","date_gmt":"2023-05-26T08:15:26","guid":{"rendered":"https:\/\/www.foreas.com\/tr\/?page_id=3878"},"modified":"2025-11-14T15:42:47","modified_gmt":"2025-11-14T12:42:47","slug":"test-videolari","status":"publish","type":"page","link":"https:\/\/www.foreas.com\/tr\/test-videolari\/","title":{"rendered":"TEST VIDEOLARI"},"content":{"rendered":"\n<p>Deprem B\u00f6lgesinde, 3 FARKLI \u00dcN\u0130VERS\u0130TEN\u0130N\/AKADEM\u0130SYEN\u0130N elinde, Windsor Probe Y\u00f6ntemi Test Y\u00f6ntemi (ASTM-C803-19, TS-13537, BS 1881, ACI-228-R) (Sertle\u015fmi\u015f Betonun Batma Direncini Tayin Test Y\u00f6ntemi) EN HIZLI ve TAHR\u0130BATSIZ MUKAVEMET TEST Y\u00d6NTEM\u0130 OLARAK, \u00dcLKEM\u0130ZE YAYILIYOR.<\/p>\n\n\n\n<hr class=\"wp-block-separator\"\/>\n\n\n\n<div class=\"wp-block-columns\">\n<div class=\"wp-block-column\">\n<figure class=\"wp-block-video\"><video controls src=\"https:\/\/www.foreas.com\/tr\/wp-content\/uploads\/2023\/05\/v1.mp4\"><\/video><\/figure>\n<\/div>\n\n\n\n<div class=\"wp-block-column\">\n<figure class=\"wp-block-video\"><video controls src=\"https:\/\/www.foreas.com\/tr\/wp-content\/uploads\/2023\/05\/v3.mp4\"><\/video><\/figure>\n<\/div>\n\n\n\n<div class=\"wp-block-column\">\n<figure class=\"wp-block-video\"><video controls src=\"https:\/\/www.foreas.com\/tr\/wp-content\/uploads\/2023\/05\/v2.mp4\"><\/video><\/figure>\n<\/div>\n<\/div>\n\n\n\n<div class=\"wp-block-columns\">\n<div class=\"wp-block-column\">\n<figure class=\"wp-block-video\"><video controls src=\"https:\/\/www.foreas.com\/tr\/wp-content\/uploads\/2023\/05\/v4.mp4\"><\/video><\/figure>\n<\/div>\n\n\n\n<div class=\"wp-block-column\">\n<figure class=\"wp-block-video\"><video controls src=\"https:\/\/www.foreas.com\/tr\/wp-content\/uploads\/2023\/05\/v7.mp4\"><\/video><\/figure>\n<\/div>\n\n\n\n<div class=\"wp-block-column\">\n<figure class=\"wp-block-video\"><video controls src=\"https:\/\/www.foreas.com\/tr\/wp-content\/uploads\/2023\/05\/v6.mp4\"><\/video><\/figure>\n<\/div>\n<\/div>\n\n\n\n<div class=\"wp-block-columns\">\n<div class=\"wp-block-column\">\n<figure class=\"wp-block-video\"><video controls src=\"https:\/\/www.foreas.com\/tr\/wp-content\/uploads\/2023\/05\/v8.mp4\"><\/video><\/figure>\n\n\n\n<p><\/p>\n<\/div>\n\n\n\n<div class=\"wp-block-column\">\n<figure class=\"wp-block-video\"><video controls src=\"https:\/\/www.foreas.com\/tr\/wp-content\/uploads\/2023\/05\/v5.mp4\"><\/video><\/figure>\n<\/div>\n\n\n\n<div class=\"wp-block-column\">\n<figure class=\"wp-block-video\"><video controls src=\"https:\/\/www.foreas.com\/tr\/wp-content\/uploads\/2025\/11\/probe-testleri-1.mp4\"><\/video><\/figure>\n\n\n\n<p class=\"has-text-align-center\"><strong>FABR\u0130KA\/\u0130MALAT Kesilmeden Windsor Probe Testleri &#8211; 1<\/strong><\/p>\n<\/div>\n<\/div>\n\n\n\n<div class=\"wp-block-columns\">\n<div class=\"wp-block-column\">\n<figure class=\"wp-block-video\"><video controls src=\"https:\/\/www.foreas.com\/tr\/wp-content\/uploads\/2025\/11\/probe-testleri-2.mp4\"><\/video><\/figure>\n\n\n\n<p class=\"has-text-align-center\"><strong>FABR\u0130KA\/\u0130MALAT Kesilmeden Windsor Probe Testleri &#8211; 2<\/strong><\/p>\n<\/div>\n\n\n\n<div class=\"wp-block-column\">\n<figure class=\"wp-block-video\"><video controls src=\"https:\/\/www.foreas.com\/tr\/wp-content\/uploads\/2025\/11\/probe-testleri-3.mp4\"><\/video><\/figure>\n\n\n\n<p class=\"has-text-align-center\"><strong>FABR\u0130KA\/\u0130MALAT Kesilmeden Windsor Probe Testleri &#8211; 3<\/strong><\/p>\n<\/div>\n\n\n\n<div class=\"wp-block-column\">\n<figure class=\"wp-block-video\"><video controls src=\"https:\/\/www.foreas.com\/tr\/wp-content\/uploads\/2025\/11\/probe-saha.mp4\"><\/video><\/figure>\n\n\n\n<p class=\"has-text-align-center\"><strong>Windsor Probe Saha \u00c7al\u0131\u015fmas\u0131 \/ \u0130\u015f-Faaliyetleri Kesmeden<\/strong><\/p>\n<\/div>\n<\/div>\n\n\n\n<div class=\"wp-block-columns\">\n<div class=\"wp-block-column\">\n<figure class=\"wp-block-video\"><video controls src=\"https:\/\/www.foreas.com\/tr\/wp-content\/uploads\/2025\/11\/sunum.mp4\"><\/video><\/figure>\n\n\n\n<p class=\"has-text-align-center\"><strong>\u00dcN\u0130VERS\u0130TE -E\u011fitim Seminerinden Windsor Probe Sunumu<\/strong><\/p>\n<\/div>\n\n\n\n<div class=\"wp-block-column\"><\/div>\n\n\n\n<div class=\"wp-block-column\"><\/div>\n<\/div>\n","protected":false},"excerpt":{"rendered":"<p>Deprem B\u00f6lgesinde, 3 FARKLI \u00dcN\u0130VERS\u0130TEN\u0130N\/AKADEM\u0130SYEN\u0130N elinde, Windsor Probe Y\u00f6ntemi Test Y\u00f6ntemi (ASTM-C803-19, TS-13537, BS 1881, ACI-228-R) (Sertle\u015fmi\u015f Betonun Batma Direncini Tayin Test Y\u00f6ntemi) EN HIZLI ve TAHR\u0130BATSIZ MUKAVEMET TEST Y\u00d6NTEM\u0130 OLARAK, \u00dcLKEM\u0130ZE YAYILIYOR. FABR\u0130KA\/\u0130MALAT Kesilmeden Windsor Probe Testleri &#8211; 1 FABR\u0130KA\/\u0130MALAT Kesilmeden Windsor Probe Testleri &#8211; 2 FABR\u0130KA\/\u0130MALAT Kesilmeden Windsor Probe Testleri &#8211; 3 Windsor [&hellip;]<\/p>\n","protected":false},"author":1,"featured_media":0,"parent":0,"menu_order":0,"comment_status":"closed","ping_status":"closed","template":"","meta":[],"_links":{"self":[{"href":"https:\/\/www.foreas.com\/tr\/wp-json\/wp\/v2\/pages\/3878"}],"collection":[{"href":"https:\/\/www.foreas.com\/tr\/wp-json\/wp\/v2\/pages"}],"about":[{"href":"https:\/\/www.foreas.com\/tr\/wp-json\/wp\/v2\/types\/page"}],"author":[{"embeddable":true,"href":"https:\/\/www.foreas.com\/tr\/wp-json\/wp\/v2\/users\/1"}],"replies":[{"embeddable":true,"href":"https:\/\/www.foreas.com\/tr\/wp-json\/wp\/v2\/comments?post=3878"}],"version-history":[{"count":5,"href":"https:\/\/www.foreas.com\/tr\/wp-json\/wp\/v2\/pages\/3878\/revisions"}],"predecessor-version":[{"id":4410,"href":"https:\/\/www.foreas.com\/tr\/wp-json\/wp\/v2\/pages\/3878\/revisions\/4410"}],"wp:attachment":[{"href":"https:\/\/www.foreas.com\/tr\/wp-json\/wp\/v2\/media?parent=3878"}],"curies":[{"name":"wp","href":"https:\/\/api.w.org\/{rel}","templated":true}]}}