{"id":2561,"date":"2020-10-16T17:16:40","date_gmt":"2020-10-16T14:16:40","guid":{"rendered":"https:\/\/foreas.com\/tr\/?page_id=2561"},"modified":"2020-11-06T10:37:12","modified_gmt":"2020-11-06T07:37:12","slug":"genel-labarotuvar-test-cihazlari","status":"publish","type":"page","link":"https:\/\/www.foreas.com\/tr\/genel-labarotuvar-test-cihazlari\/","title":{"rendered":"TERAZ\u0130LER"},"content":{"rendered":"\n<div class=\"page-content bg-white\">\n\n\t\t<div class=\"content-block\" id=\"content-area\">\n\n\t\t\t<div class=\"section-area section-sp2 bg-fix bg-white\">\n\t\t\t\t<div class=\"container about-video\">\n\t\t\t\t\t<div class=\"row\">\n                        <div class=\"col-lg-4 col-md-5 m-b30 wow fadeInUp\" data-wow-delay=\"0.2s\">\n\t\t\t\t\t\t\t\t<div class=\"ttr-accordion primary\" id=\"themeAccordion\">\n\t\t\t\t\t\t\t\t<div class=\"card\" onclick=\"location.href='https:\/\/www.foreas.com\/tr\/genel-labarotuvar-test-cihazlari\/';\">\n\t\t\t\t\t\t\t\t\t\t<div class=\"card-header\" id=\"headingTwo\">\n\t\t\t\t\t\t\t\t\t<a href=\"https:\/\/www.foreas.com\/tr\/genel-labarotuvar-test-cihazlari\/\" target=\"_blank\" class=\"collapsed\" data-toggle=\"collapse\" data-target=\"#collapseTwo\" aria-expanded=\"true\" aria-controls=\"collapseTwo\" rel=\"noopener noreferrer\">\tTeraziler \n\t\t\t\t\t\t\t\t\t\t<\/a>\t\n\t\t\t\t\t\t\t\t\t<\/div>\n\t\t\t\t\t\t\t\t\t\n\t\t\t\t\t\t\t\t<\/div>\n\t\t\t\t\t\t\t\t<div class=\"card\" onclick=\"location.href='https:\/\/www.foreas.com\/tr\/cam-laboratuvar-urunleri';\">\n\t\t\t\t\t\t\t\t\t<div class=\"card-header\" id=\"headingThree\">\n\t\t\t\t\t\t\t\t\t\t<a href=\"https:\/\/www.foreas.com\/tr\/cam-laboratuvar-urunleri\" class=\"collapsed\" data-toggle=\"collapse\" data-target=\"#collapseThree\" aria-expanded=\"false\" aria-controls=\"collapseThree\">Cam Laboratuvar \u00dcr\u00fcnleri \n\t\t\t\t\t\t\t\t\t\t<\/a>\n\t\t\t\t\t\t\t\t\t<\/div>\n\t\t\t\t\t\t\t\t<\/div>\n\t\t\t\t\t\t\t\t<div class=\"card\" onclick=\"location.href='https:\/\/www.foreas.com\/tr\/plastik-laboratuvar-urunleri';\">\n\t\t\t\t\t\t\t\t\t<div class=\"card-header\" id=\"headingFor\">\n\t\t\t\t\t\t\t\t\t\t<a href=\"https:\/\/www.foreas.com\/tr\/plastik-laboratuvar-urunleri\" class=\"collapsed\" data-toggle=\"collapse\" data-target=\"#collapseFor\" aria-expanded=\"false\" aria-controls=\"collapseFor\"> Plastik Laboratuvar \u00dcr\u00fcnleri\n\t\t\t\t\t\t\t\t\t\t<\/a>\n\t\t\t\t\t\t\t\t\t<\/div>\n\t\t\t\t\t\t\t\n\t\t\t\t\t\t\t\t<\/div>\n\t\t\t\t\t\t\t\t<div class=\"card\" onclick=\"location.href='https:\/\/www.foreas.com\/tr\/porselen-laboratuvar-urunleri';\">\n\t\t\t\t\t\t\t\t\t<div class=\"card-header\" id=\"headingFive\">\n\t\t\t\t\t\t\t\t\t\t<a href=\"https:\/\/www.foreas.com\/tr\/porselen-laboratuvar-urunleri\" class=\"collapsed\" data-toggle=\"collapse\" data-target=\"#collapseFive\" aria-expanded=\"false\" aria-controls=\"collapseFive\"> Porselen Laboratuvar \u00dcr\u00fcnleri\n\t\t\t\t\t\t\t\t\t\t<\/a>\n\t\t\t\t\t\t\t\t\t<\/div>\n\t\t\t\t\t\t\t\t<\/div>\n                                \t<div class=\"card\" onclick=\"location.href='https:\/\/www.foreas.com\/tr\/kalibrasyon-agirligi';\">\n\t\t\t\t\t\t\t\t\t<div class=\"card-header\" id=\"headingSix\">\n\t\t\t\t\t\t\t\t\t\t<a href=\"https:\/\/www.foreas.com\/tr\/kalibrasyon-agirligi\" class=\"collapsed\" data-toggle=\"collapse\" data-target=\"#collapseSix\" aria-expanded=\"false\" aria-controls=\"collapseSix\">  Kalibrasyon A\u011f\u0131rl\u0131\u011f\u0131\n\t\t\t\t\t\t\t\t\t\t<\/a>\n\t\t\t\t\t\t\t\t\t<\/div>\n\t\t\t\t\t\t\t\t<\/div>\n                                \t<div class=\"card\" onclick=\"location.href='https:\/\/www.foreas.com\/tr\/sicaklik-zaman-olcumleri';\">\n\t\t\t\t\t\t\t\t\t<div class=\"card-header\" id=\"headingFive\">\n\t\t\t\t\t\t\t\t\t\t<a href=\"https:\/\/www.foreas.com\/tr\/sicaklik-zaman-olcumleri\" class=\"collapsed\" data-toggle=\"collapse\" data-target=\"#collapseFive\" aria-expanded=\"false\" aria-controls=\"collapseFive\"> S\u0131cakl\u0131k Zaman \u00d6l\u00e7\u00fcmleri \n\t\t\t\t\t\t\t\t\t\t<\/a>\n\t\t\t\t\t\t\t\t\t<\/div>\n\t\t\t\t\t\t\t\t<\/div>\n                                \t<div class=\"card\" onclick=\"location.href='https:\/\/www.foreas.com\/tr\/yardimci-urunler';\">\n\t\t\t\t\t\t\t\t\t<div class=\"card-header\" id=\"headingFive\">\n\t\t\t\t\t\t\t\t\t\t<a href=\"https:\/\/www.foreas.com\/tr\/yardimci-urunler\" class=\"collapsed\" data-toggle=\"collapse\" data-target=\"#collapseFive\" aria-expanded=\"false\" aria-controls=\"collapseFive\">Yard\u0131mc\u0131 \u00dcr\u00fcnler\n\t\t\t\t\t\t\t\t\t\t<\/a>\n\t\t\t\t\t\t\t\t\t<\/div>\n\t\t\t\t\t\t\t\t<\/div> \n                                \t<div class=\"card\" onclick=\"location.href='https:\/\/www.foreas.com\/tr\/vakum-pompasi';\">\n\t\t\t\t\t\t\t\t\t<div class=\"card-header\" id=\"headingFive\">\n\t\t\t\t\t\t\t\t\t\t<a href=\"https:\/\/www.foreas.com\/tr\/vakum-pompasi\" class=\"collapsed\" data-toggle=\"collapse\" data-target=\"#collapseFive\" aria-expanded=\"false\" aria-controls=\"collapseFive\"> Vakum Pompas\u0131\n\t\t\t\t\t\t\t\t\t\t<\/a>\n\t\t\t\t\t\t\t\t\t<\/div>\n\t\t\t\t\t\t\t\t<\/div>\n                                \t<div class=\"card\" onclick=\"location.href='https:\/\/www.foreas.com\/tr\/kompresorler';\">\n\t\t\t\t\t\t\t\t\t<div class=\"card-header\" id=\"headingSeven\">\n\t\t\t\t\t\t\t\t\t\t<a href=\"https:\/\/www.foreas.com\/tr\/kompresorler\" class=\"collapsed\" data-toggle=\"collapse\" data-target=\"#collapseSeven\" aria-expanded=\"false\" aria-controls=\"collapseSeven\">  Kompres\u00f6rler\n\t\t\t\t\t\t\t\t\t\t<\/a>\n\t\t\t\t\t\t\t\t\t<\/div>\n\t\t\t\t\t\t\t<\/div>\n                                    <div class=\"card\" onclick=\"location.href='https:\/\/www.foreas.com\/tr\/dijital-lazer-metre';\">\n\t\t\t\t\t\t\t\t\t<div class=\"card-header\" id=\"headingSeven\">\n\t\t\t\t\t\t\t\t\t\t<a href=\"https:\/\/www.foreas.com\/tr\/dijital-lazer-metre\" class=\"collapsed\" data-toggle=\"collapse\" data-target=\"#collapseSeven\" aria-expanded=\"false\" aria-controls=\"collapseSeven\"> Dijital Lazer Metre\n\t\t\t\t\t\t\t\t\t\t<\/a>\n\t\t\t\t\t\t\t\t\t<\/div>\n\t\t\t\t\t\t\t<\/div>\n                                    <div class=\"card\" onclick=\"location.href='https:\/\/www.foreas.com\/tr\/komparator-saatleri';\">\n\t\t\t\t\t\t\t\t\t<div class=\"card-header\" id=\"headingSeven\">\n\t\t\t\t\t\t\t\t\t\t<a href=\"https:\/\/www.foreas.com\/tr\/komparator-saatleri\" class=\"collapsed\" data-toggle=\"collapse\" data-target=\"#collapseSeven\" aria-expanded=\"false\" aria-controls=\"collapseSeven\">  Komparat\u00f6r Saatleri\n\t\t\t\t\t\t\t\t\t\t<\/a>\n\t\t\t\t\t\t\t\t\t<\/div>\n\t\t\t\t\t\t\t<\/div>\n                                    <div class=\"card\" onclick=\"location.href='https:\/\/www.foreas.com\/tr\/kimyasallar';\">\n\t\t\t\t\t\t\t\t\t<div class=\"card-header\" id=\"headingSeven\">\n\t\t\t\t\t\t\t\t\t\t<a href=\"https:\/\/www.foreas.com\/tr\/kimyasallar\" class=\"collapsed\" data-toggle=\"collapse\" data-target=\"#collapseSeven\" aria-expanded=\"false\" aria-controls=\"collapseSeven\">  Kimyasallar\n\t\t\t\t\t\t\t\t\t\t<\/a>\n\t\t\t\t\t\t\t\t\t<\/div>\n\t\t\t\t\t\t\t<\/div>\n\t\t\t\t\t\t<\/div><\/div>\n                        <div class=\"col-lg-8 col-md-7 service-textarea wow fadeInUp portfolio-content\" data-wow-delay=\"0.4s\">\n\t\t\t\t\t\t\t\n\t\t\t\t\t\t\t<div class=\"ttr-accordion primary\" id=\"themeAccordionOne\">\n\t\t\t\t\t\t\t\t<div class=\"woocommerce columns-3 \"><ul class=\"products columns-3\">\n<li class=\"product type-product post-2710 status-publish first instock product_cat-teraziler has-post-thumbnail shipping-taxable product-type-simple\">\n\t<\/li>\n<li class=\"product type-product post-2711 status-publish instock product_cat-teraziler has-post-thumbnail shipping-taxable product-type-simple\">\n\t<\/li>\n<li class=\"product type-product post-2708 status-publish last instock product_cat-teraziler has-post-thumbnail shipping-taxable product-type-simple\">\n\t<\/li>\n<li class=\"product type-product post-2705 status-publish first instock product_cat-teraziler has-post-thumbnail shipping-taxable product-type-simple\">\n\t<\/li>\n<\/ul>\n<\/div> \t\n\t\t\t\t\t\t\t<\/div>\n\t\t\t\t\t<\/div>\n\t\t\t\t<\/div>\n\t\t\t<\/div>\n\t\t<\/div>\n\t\t\n    <\/div><\/div>\n","protected":false},"excerpt":{"rendered":"<p>Teraziler Cam Laboratuvar \u00dcr\u00fcnleri Plastik Laboratuvar \u00dcr\u00fcnleri Porselen Laboratuvar \u00dcr\u00fcnleri Kalibrasyon A\u011f\u0131rl\u0131\u011f\u0131 S\u0131cakl\u0131k Zaman \u00d6l\u00e7\u00fcmleri Yard\u0131mc\u0131 \u00dcr\u00fcnler Vakum Pompas\u0131 Kompres\u00f6rler Dijital Lazer Metre Komparat\u00f6r Saatleri Kimyasallar<\/p>\n","protected":false},"author":1,"featured_media":0,"parent":0,"menu_order":0,"comment_status":"closed","ping_status":"closed","template":"","meta":[],"_links":{"self":[{"href":"https:\/\/www.foreas.com\/tr\/wp-json\/wp\/v2\/pages\/2561"}],"collection":[{"href":"https:\/\/www.foreas.com\/tr\/wp-json\/wp\/v2\/pages"}],"about":[{"href":"https:\/\/www.foreas.com\/tr\/wp-json\/wp\/v2\/types\/page"}],"author":[{"embeddable":true,"href":"https:\/\/www.foreas.com\/tr\/wp-json\/wp\/v2\/users\/1"}],"replies":[{"embeddable":true,"href":"https:\/\/www.foreas.com\/tr\/wp-json\/wp\/v2\/comments?post=2561"}],"version-history":[{"count":10,"href":"https:\/\/www.foreas.com\/tr\/wp-json\/wp\/v2\/pages\/2561\/revisions"}],"predecessor-version":[{"id":3469,"href":"https:\/\/www.foreas.com\/tr\/wp-json\/wp\/v2\/pages\/2561\/revisions\/3469"}],"wp:attachment":[{"href":"https:\/\/www.foreas.com\/tr\/wp-json\/wp\/v2\/media?parent=2561"}],"curies":[{"name":"wp","href":"https:\/\/api.w.org\/{rel}","templated":true}]}}