{"id":2536,"date":"2020-10-16T15:41:03","date_gmt":"2020-10-16T12:41:03","guid":{"rendered":"https:\/\/foreas.com\/tr\/?page_id=2536"},"modified":"2020-11-06T10:33:08","modified_gmt":"2020-11-06T07:33:08","slug":"zemin-test-cihazlari","status":"publish","type":"page","link":"https:\/\/www.foreas.com\/tr\/zemin-test-cihazlari\/","title":{"rendered":"ZEM\u0130N TEST C\u0130HAZLARI"},"content":{"rendered":"\n<div class=\"page-content bg-white\">\n\n\t\t<div class=\"content-block\" id=\"content-area\">\n\n\t\t\t<div class=\"section-area section-sp2 bg-fix bg-white\">\n\t\t\t\t<div class=\"container about-video\">\n\t\t\t\t\t<div class=\"row\">\n                        <div class=\"col-lg-4 col-md-5 m-b30 wow fadeInUp\" data-wow-delay=\"0.2s\">\n\t\t\t\t\t\t\t\t<div class=\"ttr-accordion primary\" id=\"themeAccordion\">\n\t\t\t\t\t\t\t\t<div class=\"card\" onclick=\"location.href='https:\/\/www.foreas.com\/tr\/tahribatsiz-test-cihazlari\/';\">\n\t\t\t\t\t\t\t\t\t\t<div class=\"card-header\" id=\"headingTwo\">\n\t\t\t\t\t\t\t\t\t<a href=\"https:\/\/www.foreas.com\/tr\/tahribatsiz-test-cihazlari\/\" target=\"_blank\" class=\"collapsed\" data-toggle=\"collapse\" data-target=\"#collapseTwo\" aria-expanded=\"true\" aria-controls=\"collapseTwo\" rel=\"noopener noreferrer\">\tTahribats\u0131z Test Cihazlar\u0131\n\t\t\t\t\t\t\t\t\t\t<\/a>\t\n\t\t\t\t\t\t\t\t\t<\/div>\n\t\t\t\t\t\t\t\t\t\n\t\t\t\t\t\t\t\t<\/div>\n\t\t\t\t\t\t\t\t<div class=\"card\" onclick=\"location.href='https:\/\/www.foreas.com\/tr\/gelismis-yapi-test-cihazlari\/';\">\n\t\t\t\t\t\t\t\t\t<div class=\"card-header\" id=\"headingThree\">\n\t\t\t\t\t\t\t\t\t\t<a href=\"https:\/\/www.foreas.com\/tr\/gelismis-yapi-test-cihazlari\/\" class=\"collapsed\" data-toggle=\"collapse\" data-target=\"#collapseThree\" aria-expanded=\"false\" aria-controls=\"collapseThree\">Geli\u015fimi\u015f Yap\u0131 Test Cihazlar\u0131\n\t\t\t\t\t\t\t\t\t\t<\/a>\n\t\t\t\t\t\t\t\t\t<\/div>\n\t\t\t\t\t\t\t\t<\/div>\n\t\t\t\t\t\t\t\t<div class=\"card\" onclick=\"location.href='https:\/\/www.foreas.com\/tr\/mobil-laboratuvar\/';\">\n\t\t\t\t\t\t\t\t\t<div class=\"card-header\" id=\"headingFor\">\n\t\t\t\t\t\t\t\t\t\t<a href=\"https:\/\/www.foreas.com\/tr\/mobil-laboratuvar\/\" class=\"collapsed\" data-toggle=\"collapse\" data-target=\"#collapseFor\" aria-expanded=\"false\" aria-controls=\"collapseFor\">\n\t\t\t\t\t\t\t\t\t\tMobil Laboratuvar\n\t\t\t\t\t\t\t\t\t\t<\/a>\n\t\t\t\t\t\t\t\t\t<\/div>\n\t\t\t\t\t\t\t\n\t\t\t\t\t\t\t\t<\/div>\n\t\t\t\t\t\t\t\t<div class=\"card\" onclick=\"location.href='https:\/\/www.foreas.com\/tr\/beton-test-cihazlari\/';\">\n\t\t\t\t\t\t\t\t\t<div class=\"card-header\" id=\"headingFive\">\n\t\t\t\t\t\t\t\t\t\t<a href=\"https:\/\/www.foreas.com\/tr\/beton-test-cihazlari\/\" class=\"collapsed\" data-toggle=\"collapse\" data-target=\"#collapseFive\" aria-expanded=\"false\" aria-controls=\"collapseFive\"> Beton Test Cihazlar\u0131\n\t\t\t\t\t\t\t\t\t\t<\/a>\n\t\t\t\t\t\t\t\t\t<\/div>\n\t\t\t\t\t\t\t\t<\/div>\n                                \t<div class=\"card\" onclick=\"location.href='https:\/\/www.foreas.com\/tr\/asfalt-test-cihazlari\/';\">\n\t\t\t\t\t\t\t\t\t<div class=\"card-header\" id=\"headingSix\">\n\t\t\t\t\t\t\t\t\t\t<a href=\"https:\/\/www.foreas.com\/tr\/asfalt-test-cihazlari\/\" class=\"collapsed\" data-toggle=\"collapse\" data-target=\"#collapseSix\" aria-expanded=\"false\" aria-controls=\"collapseSix\"> Asfalt Test Cihazlar\u0131\n\t\t\t\t\t\t\t\t\t\t<\/a>\n\t\t\t\t\t\t\t\t\t<\/div>\n\t\t\t\t\t\t\t\t<\/div>\n                                \t<div class=\"card\" onclick=\"location.href='https:\/\/www.foreas.com\/tr\/agrega-test-cihazlari\/';\">\n\t\t\t\t\t\t\t\t\t<div class=\"card-header\" id=\"headingFive\">\n\t\t\t\t\t\t\t\t\t\t<a href=\"https:\/\/www.foreas.com\/tr\/agrega-test-cihazlari\/\" class=\"collapsed\" data-toggle=\"collapse\" data-target=\"#collapseFive\" aria-expanded=\"false\" aria-controls=\"collapseFive\"> Agrega Test Cihazlar\u0131\n\t\t\t\t\t\t\t\t\t\t<\/a>\n\t\t\t\t\t\t\t\t\t<\/div>\n\t\t\t\t\t\t\t\t<\/div>\n                                \t<div class=\"card\" onclick=\"location.href='https:\/\/www.foreas.com\/tr\/cimento-test-cihazlari\/';\">\n\t\t\t\t\t\t\t\t\t<div class=\"card-header\" id=\"headingFive\">\n\t\t\t\t\t\t\t\t\t\t<a href=\"https:\/\/www.foreas.com\/tr\/cimento-test-cihazlari\/\" class=\"collapsed\" data-toggle=\"collapse\" data-target=\"#collapseFive\" aria-expanded=\"false\" aria-controls=\"collapseFive\"> \u00c7imento Test Cihazlar\u0131\n\t\t\t\t\t\t\t\t\t\t<\/a>\n\t\t\t\t\t\t\t\t\t<\/div>\n\t\t\t\t\t\t\t\t<\/div> \n                                \t<div class=\"card\" onclick=\"location.href='https:\/\/www.foreas.com\/tr\/zemin-test-cihazlari\/';\">\n\t\t\t\t\t\t\t\t\t<div class=\"card-header\" id=\"headingFive\">\n\t\t\t\t\t\t\t\t\t\t<a href=\"https:\/\/www.foreas.com\/tr\/zemin-test-cihazlari\/\" class=\"collapsed\" data-toggle=\"collapse\" data-target=\"#collapseFive\" aria-expanded=\"false\" aria-controls=\"collapseFive\"> Zemin Test Cihazlar\u0131\n\t\t\t\t\t\t\t\t\t\t<\/a>\n\t\t\t\t\t\t\t\t\t<\/div>\n\t\t\t\t\t\t\t\t<\/div>\n                                \t<div class=\"card\" onclick=\"location.href='https:\/\/www.foreas.com\/tr\/genel-labarotuvar-test-cihazlari\/';\">\n\t\t\t\t\t\t\t\t\t<div class=\"card-header\" id=\"headingSeven\">\n\t\t\t\t\t\t\t\t\t\t<a href=\"https:\/\/www.foreas.com\/tr\/genel-labarotuvar-test-cihazlari\/\" class=\"collapsed\" data-toggle=\"collapse\" data-target=\"#collapseSeven\" aria-expanded=\"false\" aria-controls=\"collapseSeven\">Genel Laboratuvar Test Cihazlar\u0131\n\t\t\t\t\t\t\t\t\t\t<\/a>\n\t\t\t\t\t\t\t\t\t<\/div>\n\t\t\t\t\t\t\t<\/div>\n\t\t\t\t\t\t<\/div><\/div>\n                        <div class=\"col-lg-8 col-md-7 service-textarea wow fadeInUp portfolio-content\" data-wow-delay=\"0.4s\">\n\t\t\t\t\t\t\t\n\t\t\t\t\t\t\t<div class=\"ttr-accordion primary\" id=\"themeAccordionOne\">\n\t\t\t\t\t\t\t\t<div class=\"woocommerce columns-3 \"><ul class=\"products columns-3\">\n<li class=\"product type-product post-2555 status-publish first instock product_cat-zemin has-post-thumbnail shipping-taxable product-type-simple\">\n\t<\/li>\n<li class=\"product type-product post-2553 status-publish instock product_cat-zemin has-post-thumbnail shipping-taxable product-type-simple\">\n\t<\/li>\n<li class=\"product type-product post-2554 status-publish last instock product_cat-zemin has-post-thumbnail shipping-taxable product-type-simple\">\n\t<\/li>\n<li class=\"product type-product post-2551 status-publish first instock product_cat-zemin has-post-thumbnail shipping-taxable product-type-simple\">\n\t<\/li>\n<li class=\"product type-product post-2552 status-publish instock product_cat-zemin has-post-thumbnail shipping-taxable product-type-simple\">\n\t<\/li>\n<li class=\"product type-product post-2548 status-publish last instock product_cat-zemin has-post-thumbnail shipping-taxable product-type-simple\">\n\t<\/li>\n<li class=\"product type-product post-2549 status-publish first instock product_cat-zemin has-post-thumbnail shipping-taxable product-type-simple\">\n\t<\/li>\n<li class=\"product type-product post-2546 status-publish instock product_cat-zemin has-post-thumbnail shipping-taxable product-type-simple\">\n\t<\/li>\n<li class=\"product type-product post-2547 status-publish last instock product_cat-zemin has-post-thumbnail shipping-taxable product-type-simple\">\n\t<\/li>\n<li class=\"product type-product post-2541 status-publish first instock product_cat-zemin has-post-thumbnail shipping-taxable product-type-simple\">\n\t<\/li>\n<li class=\"product type-product post-2542 status-publish instock product_cat-zemin has-post-thumbnail shipping-taxable product-type-simple\">\n\t<\/li>\n<li class=\"product type-product post-2534 status-publish last instock product_cat-zemin has-post-thumbnail shipping-taxable product-type-simple\">\n\t<\/li>\n<li class=\"product type-product post-2535 status-publish first instock product_cat-zemin has-post-thumbnail shipping-taxable product-type-simple\">\n\t<\/li>\n<li class=\"product type-product post-2531 status-publish instock product_cat-zemin has-post-thumbnail shipping-taxable product-type-simple\">\n\t<\/li>\n<li class=\"product type-product post-2532 status-publish last instock product_cat-zemin has-post-thumbnail shipping-taxable product-type-simple\">\n\t<\/li>\n<li class=\"product type-product post-2526 status-publish first instock product_cat-zemin has-post-thumbnail shipping-taxable product-type-simple\">\n\t<\/li>\n<li class=\"product type-product post-2527 status-publish instock product_cat-zemin has-post-thumbnail shipping-taxable product-type-simple\">\n\t<\/li>\n<li class=\"product type-product post-2524 status-publish last instock product_cat-zemin has-post-thumbnail shipping-taxable product-type-simple\">\n\t<\/li>\n<li class=\"product type-product post-2525 status-publish first instock product_cat-zemin has-post-thumbnail shipping-taxable product-type-simple\">\n\t<\/li>\n<li class=\"product type-product post-2522 status-publish instock product_cat-zemin has-post-thumbnail shipping-taxable product-type-simple\">\n\t<\/li>\n<li class=\"product type-product post-2523 status-publish last instock product_cat-zemin has-post-thumbnail shipping-taxable product-type-simple\">\n\t<\/li>\n<li class=\"product type-product post-2520 status-publish first instock product_cat-zemin has-post-thumbnail shipping-taxable product-type-simple\">\n\t<\/li>\n<li class=\"product type-product post-2521 status-publish instock product_cat-zemin has-post-thumbnail shipping-taxable product-type-simple\">\n\t<\/li>\n<li class=\"product type-product post-2519 status-publish last instock product_cat-zemin has-post-thumbnail shipping-taxable product-type-simple\">\n\t<\/li>\n<li class=\"product type-product post-2518 status-publish first instock product_cat-zemin has-post-thumbnail shipping-taxable product-type-simple\">\n\t<\/li>\n<\/ul>\n<\/div>  \n\t\t\t\t\t\t\t\n\t\t\t\t\t\t\t<\/div>\n\t\t\t\t\t<\/div>\n\t\t\t\t<\/div>\n\t\t\t<\/div>\n\t\t<\/div>\n\t\t\n    <\/div><\/div>\n","protected":false},"excerpt":{"rendered":"<p>Tahribats\u0131z Test Cihazlar\u0131 Geli\u015fimi\u015f Yap\u0131 Test Cihazlar\u0131 Mobil Laboratuvar Beton Test Cihazlar\u0131 Asfalt Test Cihazlar\u0131 Agrega Test Cihazlar\u0131 \u00c7imento Test Cihazlar\u0131 Zemin Test Cihazlar\u0131 Genel Laboratuvar Test Cihazlar\u0131<\/p>\n","protected":false},"author":1,"featured_media":0,"parent":0,"menu_order":0,"comment_status":"closed","ping_status":"closed","template":"","meta":[],"_links":{"self":[{"href":"https:\/\/www.foreas.com\/tr\/wp-json\/wp\/v2\/pages\/2536"}],"collection":[{"href":"https:\/\/www.foreas.com\/tr\/wp-json\/wp\/v2\/pages"}],"about":[{"href":"https:\/\/www.foreas.com\/tr\/wp-json\/wp\/v2\/types\/page"}],"author":[{"embeddable":true,"href":"https:\/\/www.foreas.com\/tr\/wp-json\/wp\/v2\/users\/1"}],"replies":[{"embeddable":true,"href":"https:\/\/www.foreas.com\/tr\/wp-json\/wp\/v2\/comments?post=2536"}],"version-history":[{"count":4,"href":"https:\/\/www.foreas.com\/tr\/wp-json\/wp\/v2\/pages\/2536\/revisions"}],"predecessor-version":[{"id":3466,"href":"https:\/\/www.foreas.com\/tr\/wp-json\/wp\/v2\/pages\/2536\/revisions\/3466"}],"wp:attachment":[{"href":"https:\/\/www.foreas.com\/tr\/wp-json\/wp\/v2\/media?parent=2536"}],"curies":[{"name":"wp","href":"https:\/\/api.w.org\/{rel}","templated":true}]}}