{"id":2200,"date":"2020-10-15T10:03:01","date_gmt":"2020-10-15T07:03:01","guid":{"rendered":"https:\/\/foreas.com\/tr\/?page_id=2200"},"modified":"2025-02-12T14:46:12","modified_gmt":"2025-02-12T11:46:12","slug":"distrubutorlukler","status":"publish","type":"page","link":"https:\/\/www.foreas.com\/tr\/distrubutorlukler\/","title":{"rendered":"D\u0130STR\u00dcB\u00dcT\u00d6RL\u00dcKLER"},"content":{"rendered":"\n<div class=\"wp-block-columns\">\n<div class=\"wp-block-column\">\n<div class=\"wp-block-image\"><figure class=\"aligncenter size-large\"><img loading=\"lazy\" width=\"200\" height=\"200\" src=\"https:\/\/foreas.com\/tr\/wp-content\/uploads\/2020\/10\/image3-1.jpg\" alt=\"\" class=\"wp-image-2222\" srcset=\"https:\/\/www.foreas.com\/tr\/wp-content\/uploads\/2020\/10\/image3-1.jpg 200w, https:\/\/www.foreas.com\/tr\/wp-content\/uploads\/2020\/10\/image3-1-150x150.jpg 150w, https:\/\/www.foreas.com\/tr\/wp-content\/uploads\/2020\/10\/image3-1-100x100.jpg 100w\" sizes=\"(max-width: 200px) 100vw, 200px\" \/><\/figure><\/div>\n<\/div>\n\n\n\n<div class=\"wp-block-column\">\n<div class=\"wp-block-image\"><figure class=\"aligncenter size-large\"><img loading=\"lazy\" width=\"200\" height=\"200\" src=\"https:\/\/foreas.com\/tr\/wp-content\/uploads\/2020\/10\/isollat1.jpg\" alt=\"\" class=\"wp-image-2205\" srcset=\"https:\/\/www.foreas.com\/tr\/wp-content\/uploads\/2020\/10\/isollat1.jpg 200w, https:\/\/www.foreas.com\/tr\/wp-content\/uploads\/2020\/10\/isollat1-150x150.jpg 150w, https:\/\/www.foreas.com\/tr\/wp-content\/uploads\/2020\/10\/isollat1-100x100.jpg 100w\" sizes=\"(max-width: 200px) 100vw, 200px\" \/><\/figure><\/div>\n<\/div>\n\n\n\n<div class=\"wp-block-column\">\n<div class=\"wp-block-image\"><figure class=\"aligncenter size-large\"><img loading=\"lazy\" width=\"200\" height=\"200\" src=\"https:\/\/foreas.com\/tr\/wp-content\/uploads\/2020\/10\/sweco1-1.jpg\" alt=\"\" class=\"wp-image-2225\" srcset=\"https:\/\/www.foreas.com\/tr\/wp-content\/uploads\/2020\/10\/sweco1-1.jpg 200w, https:\/\/www.foreas.com\/tr\/wp-content\/uploads\/2020\/10\/sweco1-1-150x150.jpg 150w, https:\/\/www.foreas.com\/tr\/wp-content\/uploads\/2020\/10\/sweco1-1-100x100.jpg 100w\" sizes=\"(max-width: 200px) 100vw, 200px\" \/><\/figure><\/div>\n<\/div>\n\n\n\n<div class=\"wp-block-column\">\n<div class=\"wp-block-image\"><figure class=\"aligncenter size-large\"><img loading=\"lazy\" width=\"200\" height=\"200\" src=\"https:\/\/foreas.com\/tr\/wp-content\/uploads\/2020\/10\/nomis1.jpg\" alt=\"\" class=\"wp-image-2207\" srcset=\"https:\/\/www.foreas.com\/tr\/wp-content\/uploads\/2020\/10\/nomis1.jpg 200w, https:\/\/www.foreas.com\/tr\/wp-content\/uploads\/2020\/10\/nomis1-150x150.jpg 150w, https:\/\/www.foreas.com\/tr\/wp-content\/uploads\/2020\/10\/nomis1-100x100.jpg 100w\" sizes=\"(max-width: 200px) 100vw, 200px\" \/><\/figure><\/div>\n<\/div>\n<\/div>\n\n\n\n<div class=\"wp-block-columns\">\n<div class=\"wp-block-column\">\n<div class=\"wp-block-image\"><figure class=\"aligncenter size-large\"><img loading=\"lazy\" width=\"200\" height=\"200\" src=\"https:\/\/foreas.com\/tr\/wp-content\/uploads\/2020\/10\/scheibinger1.jpg\" alt=\"\" class=\"wp-image-2209\" srcset=\"https:\/\/www.foreas.com\/tr\/wp-content\/uploads\/2020\/10\/scheibinger1.jpg 200w, https:\/\/www.foreas.com\/tr\/wp-content\/uploads\/2020\/10\/scheibinger1-150x150.jpg 150w, https:\/\/www.foreas.com\/tr\/wp-content\/uploads\/2020\/10\/scheibinger1-100x100.jpg 100w\" sizes=\"(max-width: 200px) 100vw, 200px\" \/><\/figure><\/div>\n<\/div>\n\n\n\n<div class=\"wp-block-column\">\n<div class=\"wp-block-image\"><figure class=\"aligncenter size-large\"><img loading=\"lazy\" width=\"200\" height=\"200\" src=\"https:\/\/foreas.com\/tr\/wp-content\/uploads\/2020\/10\/psl1.jpg\" alt=\"\" class=\"wp-image-2208\" srcset=\"https:\/\/www.foreas.com\/tr\/wp-content\/uploads\/2020\/10\/psl1.jpg 200w, https:\/\/www.foreas.com\/tr\/wp-content\/uploads\/2020\/10\/psl1-150x150.jpg 150w, https:\/\/www.foreas.com\/tr\/wp-content\/uploads\/2020\/10\/psl1-100x100.jpg 100w\" sizes=\"(max-width: 200px) 100vw, 200px\" \/><\/figure><\/div>\n<\/div>\n\n\n\n<div class=\"wp-block-column\">\n<div class=\"wp-block-image\"><figure class=\"aligncenter size-large\"><img loading=\"lazy\" width=\"643\" height=\"455\" src=\"https:\/\/www.foreas.com\/tr\/wp-content\/uploads\/2025\/02\/ww3.jpg\" alt=\"\" class=\"wp-image-4171\" srcset=\"https:\/\/www.foreas.com\/tr\/wp-content\/uploads\/2025\/02\/ww3.jpg 643w, https:\/\/www.foreas.com\/tr\/wp-content\/uploads\/2025\/02\/ww3-300x212.jpg 300w, https:\/\/www.foreas.com\/tr\/wp-content\/uploads\/2025\/02\/ww3-600x425.jpg 600w\" sizes=\"(max-width: 643px) 100vw, 643px\" \/><\/figure><\/div>\n<\/div>\n\n\n\n<div class=\"wp-block-column\"><\/div>\n<\/div>\n","protected":false},"excerpt":{"rendered":"","protected":false},"author":1,"featured_media":0,"parent":0,"menu_order":0,"comment_status":"closed","ping_status":"closed","template":"","meta":[],"_links":{"self":[{"href":"https:\/\/www.foreas.com\/tr\/wp-json\/wp\/v2\/pages\/2200"}],"collection":[{"href":"https:\/\/www.foreas.com\/tr\/wp-json\/wp\/v2\/pages"}],"about":[{"href":"https:\/\/www.foreas.com\/tr\/wp-json\/wp\/v2\/types\/page"}],"author":[{"embeddable":true,"href":"https:\/\/www.foreas.com\/tr\/wp-json\/wp\/v2\/users\/1"}],"replies":[{"embeddable":true,"href":"https:\/\/www.foreas.com\/tr\/wp-json\/wp\/v2\/comments?post=2200"}],"version-history":[{"count":15,"href":"https:\/\/www.foreas.com\/tr\/wp-json\/wp\/v2\/pages\/2200\/revisions"}],"predecessor-version":[{"id":4175,"href":"https:\/\/www.foreas.com\/tr\/wp-json\/wp\/v2\/pages\/2200\/revisions\/4175"}],"wp:attachment":[{"href":"https:\/\/www.foreas.com\/tr\/wp-json\/wp\/v2\/media?parent=2200"}],"curies":[{"name":"wp","href":"https:\/\/api.w.org\/{rel}","templated":true}]}}