{"id":1941,"date":"2020-10-09T15:52:15","date_gmt":"2020-10-09T12:52:15","guid":{"rendered":"https:\/\/foreas.com\/tr\/?page_id=1941"},"modified":"2020-11-04T16:20:02","modified_gmt":"2020-11-04T13:20:02","slug":"servis","status":"publish","type":"page","link":"https:\/\/www.foreas.com\/tr\/servis\/","title":{"rendered":"SERV\u0130S"},"content":{"rendered":"\n<h6>Teknik servis ile ilgili talepleriniz i\u00e7in&nbsp;<a href=\"mailto:foreas@foreas.com\">foreas@foreas.com<\/a>&nbsp;mail adresi ile ileti\u015fime ge\u00e7ebilirsiniz. Ar\u0131zal\u0131 \u00fcr\u00fcn g\u00f6ndermeden \u00f6nce l\u00fctfen ar\u0131zal\u0131 \u00fcr\u00fcn g\u00f6nderim formunu doldurunuz aksi taktirde kargo kabul edilmeyecektir.&nbsp;<br><\/h6>\n\n\n\n<div class=\"section-area bg-gray section-sp2\">\n\t\t\t\t<div class=\"container\">\n\t\t\t\t\t<div class=\"row\">\n\t\t\t\t\t\t<div class=\"col-lg-4 col-md-6 col-sm-6 col-12 wow fadeIn\" data-wow-delay=\"0.4s\">\n\t\t\t\t\t\t<div class=\"contact-icon-box\">\n\t\t\t\t\t\t\t\t<h5 class=\"title\">ARIZA FORMU<\/h5>\n                            <a href=\"\/tr\/ariza-formu\"><p>Ar\u0131zal\u0131 \u00dcr\u00fcn G\u00f6nderim Formu i\u00e7in T\u0131klay\u0131n\u0131z. <\/p><\/a>\n\t\t\t\t\t\t\t\t<i class=\"la la-phone-volume bg-icon\"><\/i>\n\t\t\t\t\t\t\t<\/div>\n\t\t\t\t\t\t<\/div>\n                        <div class=\"col-lg-4 col-md-6 col-sm-6 col-12 wow fadeIn\" data-wow-delay=\"0.4s\">\n\t\t\t\t\t\t<div class=\"contact-icon-box\">\n\t\t\t\t\t\t\t\t<h5 class=\"title\">TEKN\u0130K SERV\u0130S<\/h5>\t\t\n\t\t\t\t\t\t\t\t<a href=\"\/tr\/talep-formu\"><p>Teknik Servis Talep Formuna Ula\u015fmak i\u00e7in T\u0131klay\u0131n\u0131z. <\/p><\/a>\n\t\t\t\t\t\t\t\t<i class=\"la la-envelope-open bg-icon\"><\/i>\n\t\t\t\t\t\t\t<\/div>\n\t\t\t\t\t\t<\/div>\n\t\t\t\t\t\t<div class=\"col-lg-4 col-md-6 col-sm-6 col-12 wow fadeIn\" data-wow-delay=\"0.4s\">\n\t\t\t\t\t\t<div class=\"contact-icon-box\">\n\t\t\t\t\t\t\t\t<h5 class=\"title\">UZAKTAN DESTEK<\/h5>\t\t\n\t\t\t\t\t\t\t\t<a href=\"https:\/\/anydesk.com\/tr\" target=\"_blank\" rel=\"noopener noreferrer\"><p>Fore A.\u015e. Uzaktan Deste\u011fe Ula\u015fmak i\u00e7in T\u0131klay\u0131n\u0131z.<\/p><\/a>\n\t\t\t\t\t\t\t\t<i class=\"la la-business-time bg-icon\"><\/i>\n\t\t\t\t\t\t\t<\/div>\n\t\t\t\t\t\t<\/div>\n\t\t\t\t\t\n\t\t\t\t\t<\/div>\n\t\t\t\t<\/div>\n\t\t\t<\/div>\n\n\n\n<br><br>\n","protected":false},"excerpt":{"rendered":"<p>Teknik servis ile ilgili talepleriniz i\u00e7in&nbsp;foreas@foreas.com&nbsp;mail adresi ile ileti\u015fime ge\u00e7ebilirsiniz. Ar\u0131zal\u0131 \u00fcr\u00fcn g\u00f6ndermeden \u00f6nce l\u00fctfen ar\u0131zal\u0131 \u00fcr\u00fcn g\u00f6nderim formunu doldurunuz aksi taktirde kargo kabul edilmeyecektir.&nbsp; ARIZA FORMU Ar\u0131zal\u0131 \u00dcr\u00fcn G\u00f6nderim Formu i\u00e7in T\u0131klay\u0131n\u0131z. TEKN\u0130K SERV\u0130S Teknik Servis Talep Formuna Ula\u015fmak i\u00e7in T\u0131klay\u0131n\u0131z. UZAKTAN DESTEK Fore A.\u015e. Uzaktan Deste\u011fe Ula\u015fmak i\u00e7in T\u0131klay\u0131n\u0131z.<\/p>\n","protected":false},"author":1,"featured_media":0,"parent":0,"menu_order":0,"comment_status":"closed","ping_status":"closed","template":"","meta":[],"_links":{"self":[{"href":"https:\/\/www.foreas.com\/tr\/wp-json\/wp\/v2\/pages\/1941"}],"collection":[{"href":"https:\/\/www.foreas.com\/tr\/wp-json\/wp\/v2\/pages"}],"about":[{"href":"https:\/\/www.foreas.com\/tr\/wp-json\/wp\/v2\/types\/page"}],"author":[{"embeddable":true,"href":"https:\/\/www.foreas.com\/tr\/wp-json\/wp\/v2\/users\/1"}],"replies":[{"embeddable":true,"href":"https:\/\/www.foreas.com\/tr\/wp-json\/wp\/v2\/comments?post=1941"}],"version-history":[{"count":17,"href":"https:\/\/www.foreas.com\/tr\/wp-json\/wp\/v2\/pages\/1941\/revisions"}],"predecessor-version":[{"id":3456,"href":"https:\/\/www.foreas.com\/tr\/wp-json\/wp\/v2\/pages\/1941\/revisions\/3456"}],"wp:attachment":[{"href":"https:\/\/www.foreas.com\/tr\/wp-json\/wp\/v2\/media?parent=1941"}],"curies":[{"name":"wp","href":"https:\/\/api.w.org\/{rel}","templated":true}]}}