{"id":1169,"date":"2020-09-28T09:35:27","date_gmt":"2020-09-28T06:35:27","guid":{"rendered":"https:\/\/foreas.com\/tr\/?page_id=1169"},"modified":"2020-11-06T10:32:20","modified_gmt":"2020-11-06T07:32:20","slug":"agrega-test-cihazlari","status":"publish","type":"page","link":"https:\/\/www.foreas.com\/tr\/agrega-test-cihazlari\/","title":{"rendered":"AGREGA TEST C\u0130HAZLARI"},"content":{"rendered":"\n<div class=\"page-content bg-white\">\n\n\t\t<div class=\"content-block\" id=\"content-area\">\n\n\t\t\t<div class=\"section-area section-sp2 bg-fix bg-white\">\n\t\t\t\t<div class=\"container about-video\">\n\t\t\t\t\t<div class=\"row\">\n                        <div class=\"col-lg-4 col-md-5 m-b30 wow fadeInUp\" data-wow-delay=\"0.2s\">\n\t\t\t\t\t\t\t\t<div class=\"ttr-accordion primary\" id=\"themeAccordion\">\n\t\t\t\t\t\t\t\t<div class=\"card\" onclick=\"location.href='https:\/\/www.foreas.com\/tr\/tahribatsiz-test-cihazlari\/';\">\n\t\t\t\t\t\t\t\t\t\t<div class=\"card-header\" id=\"headingTwo\">\n\t\t\t\t\t\t\t\t\t<a href=\"https:\/\/www.foreas.com\/tr\/tahribatsiz-test-cihazlari\/\" target=\"_blank\" class=\"collapsed\" data-toggle=\"collapse\" data-target=\"#collapseTwo\" aria-expanded=\"true\" aria-controls=\"collapseTwo\" rel=\"noopener noreferrer\">\tTahribats\u0131z Test Cihazlar\u0131\n\t\t\t\t\t\t\t\t\t\t<\/a>\t\n\t\t\t\t\t\t\t\t\t<\/div>\n\t\t\t\t\t\t\t\t\t\n\t\t\t\t\t\t\t\t<\/div>\n\t\t\t\t\t\t\t\t<div class=\"card\" onclick=\"location.href='https:\/\/www.foreas.com\/tr\/gelismis-yapi-test-cihazlari\/';\">\n\t\t\t\t\t\t\t\t\t<div class=\"card-header\" id=\"headingThree\">\n\t\t\t\t\t\t\t\t\t\t<a href=\"https:\/\/www.foreas.com\/tr\/gelismis-yapi-test-cihazlari\/\" class=\"collapsed\" data-toggle=\"collapse\" data-target=\"#collapseThree\" aria-expanded=\"false\" aria-controls=\"collapseThree\">Geli\u015fimi\u015f Yap\u0131 Test Cihazlar\u0131\n\t\t\t\t\t\t\t\t\t\t<\/a>\n\t\t\t\t\t\t\t\t\t<\/div>\n\t\t\t\t\t\t\t\t<\/div>\n\t\t\t\t\t\t\t\t<div class=\"card\" onclick=\"location.href='https:\/\/www.foreas.com\/tr\/mobil-laboratuvar\/';\">\n\t\t\t\t\t\t\t\t\t<div class=\"card-header\" id=\"headingFor\">\n\t\t\t\t\t\t\t\t\t\t<a href=\"https:\/\/www.foreas.com\/tr\/mobil-laboratuvar\/\" class=\"collapsed\" data-toggle=\"collapse\" data-target=\"#collapseFor\" aria-expanded=\"false\" aria-controls=\"collapseFor\">\n\t\t\t\t\t\t\t\t\t\tMobil Laboratuvar\n\t\t\t\t\t\t\t\t\t\t<\/a>\n\t\t\t\t\t\t\t\t\t<\/div>\n\t\t\t\t\t\t\t\n\t\t\t\t\t\t\t\t<\/div>\n\t\t\t\t\t\t\t\t<div class=\"card\" onclick=\"location.href='https:\/\/www.foreas.com\/tr\/beton-test-cihazlari\/';\">\n\t\t\t\t\t\t\t\t\t<div class=\"card-header\" id=\"headingFive\">\n\t\t\t\t\t\t\t\t\t\t<a href=\"https:\/\/www.foreas.com\/tr\/beton-test-cihazlari\/\" class=\"collapsed\" data-toggle=\"collapse\" data-target=\"#collapseFive\" aria-expanded=\"false\" aria-controls=\"collapseFive\"> Beton Test Cihazlar\u0131\n\t\t\t\t\t\t\t\t\t\t<\/a>\n\t\t\t\t\t\t\t\t\t<\/div>\n\t\t\t\t\t\t\t\t<\/div>\n                                \t<div class=\"card\" onclick=\"location.href='https:\/\/www.foreas.com\/tr\/asfalt-test-cihazlari\/';\">\n\t\t\t\t\t\t\t\t\t<div class=\"card-header\" id=\"headingSix\">\n\t\t\t\t\t\t\t\t\t\t<a href=\"https:\/\/www.foreas.com\/tr\/asfalt-test-cihazlari\/\" class=\"collapsed\" data-toggle=\"collapse\" data-target=\"#collapseSix\" aria-expanded=\"false\" aria-controls=\"collapseSix\"> Asfalt Test Cihazlar\u0131\n\t\t\t\t\t\t\t\t\t\t<\/a>\n\t\t\t\t\t\t\t\t\t<\/div>\n\t\t\t\t\t\t\t\t<\/div>\n                                \t<div class=\"card\" onclick=\"location.href='https:\/\/www.foreas.com\/tr\/agrega-test-cihazlari\/';\">\n\t\t\t\t\t\t\t\t\t<div class=\"card-header\" id=\"headingFive\">\n\t\t\t\t\t\t\t\t\t\t<a href=\"https:\/\/www.foreas.com\/tr\/agrega-test-cihazlari\/\" class=\"collapsed\" data-toggle=\"collapse\" data-target=\"#collapseFive\" aria-expanded=\"false\" aria-controls=\"collapseFive\"> Agrega Test Cihazlar\u0131\n\t\t\t\t\t\t\t\t\t\t<\/a>\n\t\t\t\t\t\t\t\t\t<\/div>\n\t\t\t\t\t\t\t\t<\/div>\n                                \t<div class=\"card\" onclick=\"location.href='https:\/\/www.foreas.com\/tr\/cimento-test-cihazlari\/';\">\n\t\t\t\t\t\t\t\t\t<div class=\"card-header\" id=\"headingFive\">\n\t\t\t\t\t\t\t\t\t\t<a href=\"https:\/\/www.foreas.com\/tr\/cimento-test-cihazlari\/\" class=\"collapsed\" data-toggle=\"collapse\" data-target=\"#collapseFive\" aria-expanded=\"false\" aria-controls=\"collapseFive\"> \u00c7imento Test Cihazlar\u0131\n\t\t\t\t\t\t\t\t\t\t<\/a>\n\t\t\t\t\t\t\t\t\t<\/div>\n\t\t\t\t\t\t\t\t<\/div> \n                                \t<div class=\"card\" onclick=\"location.href='https:\/\/www.foreas.com\/tr\/zemin-test-cihazlari\/';\">\n\t\t\t\t\t\t\t\t\t<div class=\"card-header\" id=\"headingFive\">\n\t\t\t\t\t\t\t\t\t\t<a href=\"https:\/\/www.foreas.com\/tr\/zemin-test-cihazlari\/\" class=\"collapsed\" data-toggle=\"collapse\" data-target=\"#collapseFive\" aria-expanded=\"false\" aria-controls=\"collapseFive\"> Zemin Test Cihazlar\u0131\n\t\t\t\t\t\t\t\t\t\t<\/a>\n\t\t\t\t\t\t\t\t\t<\/div>\n\t\t\t\t\t\t\t\t<\/div>\n                                \t<div class=\"card\" onclick=\"location.href='https:\/\/www.foreas.com\/tr\/genel-labarotuvar-test-cihazlari\/';\">\n\t\t\t\t\t\t\t\t\t<div class=\"card-header\" id=\"headingSeven\">\n\t\t\t\t\t\t\t\t\t\t<a href=\"https:\/\/www.foreas.com\/tr\/genel-labarotuvar-test-cihazlari\/\" class=\"collapsed\" data-toggle=\"collapse\" data-target=\"#collapseSeven\" aria-expanded=\"false\" aria-controls=\"collapseSeven\">Genel Laboratuvar Test Cihazlar\u0131\n\t\t\t\t\t\t\t\t\t\t<\/a>\n\t\t\t\t\t\t\t\t\t<\/div>\n\t\t\t\t\t\t\t<\/div>\n\t\t\t\t\t\t<\/div><\/div>\n                        <div class=\"col-lg-8 col-md-7 service-textarea wow fadeInUp portfolio-content\" data-wow-delay=\"0.4s\">\n\t\t\t\t\t\t\t\n\t\t\t\t\t\t\t<div class=\"ttr-accordion primary\" id=\"themeAccordionOne\">\n\t\t\t\t\t\t\t\t<div class=\"woocommerce columns-3 \"><ul class=\"products columns-3\">\n<li class=\"product type-product post-2516 status-publish first instock product_cat-agrega has-post-thumbnail shipping-taxable product-type-simple\">\n\t<\/li>\n<li class=\"product type-product post-2517 status-publish instock product_cat-agrega has-post-thumbnail shipping-taxable product-type-simple\">\n\t<\/li>\n<li class=\"product type-product post-2514 status-publish last instock product_cat-agrega has-post-thumbnail shipping-taxable product-type-simple\">\n\t<\/li>\n<li class=\"product type-product post-2515 status-publish first instock product_cat-agrega has-post-thumbnail shipping-taxable product-type-simple\">\n\t<\/li>\n<li class=\"product type-product post-2511 status-publish instock product_cat-agrega has-post-thumbnail shipping-taxable product-type-simple\">\n\t<\/li>\n<li class=\"product type-product post-2513 status-publish last instock product_cat-agrega has-post-thumbnail shipping-taxable product-type-simple\">\n\t<\/li>\n<li class=\"product type-product post-2509 status-publish first instock product_cat-agrega has-post-thumbnail shipping-taxable product-type-simple\">\n\t<\/li>\n<li class=\"product type-product post-2510 status-publish instock product_cat-agrega has-post-thumbnail shipping-taxable product-type-simple\">\n\t<\/li>\n<li class=\"product type-product post-2508 status-publish last instock product_cat-agrega has-post-thumbnail shipping-taxable product-type-simple\">\n\t<\/li>\n<li class=\"product type-product post-2507 status-publish first instock product_cat-agrega has-post-thumbnail shipping-taxable product-type-simple\">\n\t<\/li>\n<li class=\"product type-product post-2506 status-publish instock product_cat-agrega has-post-thumbnail shipping-taxable product-type-simple\">\n\t<\/li>\n<li class=\"product type-product post-2505 status-publish last instock product_cat-agrega has-post-thumbnail shipping-taxable product-type-simple\">\n\t<\/li>\n<li class=\"product type-product post-2504 status-publish first instock product_cat-agrega has-post-thumbnail shipping-taxable product-type-simple\">\n\t<\/li>\n<li class=\"product type-product post-2457 status-publish instock product_cat-agrega has-post-thumbnail shipping-taxable product-type-simple\">\n\t<\/li>\n<li class=\"product type-product post-2458 status-publish last instock product_cat-agrega has-post-thumbnail shipping-taxable product-type-simple\">\n\t<\/li>\n<li class=\"product type-product post-2455 status-publish first instock product_cat-agrega has-post-thumbnail shipping-taxable product-type-simple\">\n\t<\/li>\n<li class=\"product type-product post-2456 status-publish instock product_cat-agrega has-post-thumbnail shipping-taxable product-type-simple\">\n\t<\/li>\n<li class=\"product type-product post-2453 status-publish last instock product_cat-agrega has-post-thumbnail shipping-taxable product-type-simple\">\n\t<\/li>\n<li class=\"product type-product post-2454 status-publish first instock product_cat-agrega has-post-thumbnail shipping-taxable product-type-simple\">\n\t<\/li>\n<li class=\"product type-product post-2451 status-publish instock product_cat-agrega has-post-thumbnail shipping-taxable product-type-simple\">\n\t<\/li>\n<li class=\"product type-product post-2452 status-publish last instock product_cat-agrega has-post-thumbnail shipping-taxable product-type-simple\">\n\t<\/li>\n<li class=\"product type-product post-2450 status-publish first instock product_cat-agrega has-post-thumbnail shipping-taxable product-type-simple\">\n\t<\/li>\n<li class=\"product type-product post-2449 status-publish instock product_cat-agrega has-post-thumbnail shipping-taxable product-type-simple\">\n\t<\/li>\n<li class=\"product type-product post-2447 status-publish last instock product_cat-agrega has-post-thumbnail shipping-taxable product-type-simple\">\n\t<\/li>\n<li class=\"product type-product post-2448 status-publish first instock product_cat-agrega has-post-thumbnail shipping-taxable product-type-simple\">\n\t<\/li>\n<li class=\"product type-product post-2446 status-publish instock product_cat-agrega has-post-thumbnail shipping-taxable product-type-simple\">\n\t<\/li>\n<li class=\"product type-product post-2445 status-publish last instock product_cat-agrega has-post-thumbnail shipping-taxable product-type-simple\">\n\t<\/li>\n<li class=\"product type-product post-2428 status-publish first instock product_cat-agrega has-post-thumbnail shipping-taxable product-type-simple\">\n\t<\/li>\n<li class=\"product type-product post-2425 status-publish instock product_cat-agrega has-post-thumbnail shipping-taxable product-type-simple\">\n\t<\/li>\n<li class=\"product type-product post-2419 status-publish last instock product_cat-agrega has-post-thumbnail shipping-taxable product-type-simple\">\n\t<\/li>\n<li class=\"product type-product post-2416 status-publish first instock product_cat-agrega has-post-thumbnail shipping-taxable product-type-simple\">\n\t<\/li>\n<\/ul>\n<\/div>  \n\t\t\t\t\t\t\t\n\t\t\t\t\t\t\t<\/div>\n\t\t\t\t\t<\/div>\n\t\t\t\t<\/div>\n\t\t\t<\/div>\n\t\t<\/div>\n\t\t\n    <\/div><\/div>\n","protected":false},"excerpt":{"rendered":"<p>Tahribats\u0131z Test Cihazlar\u0131 Geli\u015fimi\u015f Yap\u0131 Test Cihazlar\u0131 Mobil Laboratuvar Beton Test Cihazlar\u0131 Asfalt Test Cihazlar\u0131 Agrega Test Cihazlar\u0131 \u00c7imento Test Cihazlar\u0131 Zemin Test Cihazlar\u0131 Genel Laboratuvar Test Cihazlar\u0131<\/p>\n","protected":false},"author":1,"featured_media":0,"parent":0,"menu_order":0,"comment_status":"closed","ping_status":"closed","template":"","meta":[],"_links":{"self":[{"href":"https:\/\/www.foreas.com\/tr\/wp-json\/wp\/v2\/pages\/1169"}],"collection":[{"href":"https:\/\/www.foreas.com\/tr\/wp-json\/wp\/v2\/pages"}],"about":[{"href":"https:\/\/www.foreas.com\/tr\/wp-json\/wp\/v2\/types\/page"}],"author":[{"embeddable":true,"href":"https:\/\/www.foreas.com\/tr\/wp-json\/wp\/v2\/users\/1"}],"replies":[{"embeddable":true,"href":"https:\/\/www.foreas.com\/tr\/wp-json\/wp\/v2\/comments?post=1169"}],"version-history":[{"count":5,"href":"https:\/\/www.foreas.com\/tr\/wp-json\/wp\/v2\/pages\/1169\/revisions"}],"predecessor-version":[{"id":3464,"href":"https:\/\/www.foreas.com\/tr\/wp-json\/wp\/v2\/pages\/1169\/revisions\/3464"}],"wp:attachment":[{"href":"https:\/\/www.foreas.com\/tr\/wp-json\/wp\/v2\/media?parent=1169"}],"curies":[{"name":"wp","href":"https:\/\/api.w.org\/{rel}","templated":true}]}}