{"id":2238,"date":"2020-10-15T10:38:27","date_gmt":"2020-10-15T07:38:27","guid":{"rendered":"https:\/\/foreas.com\/en\/?post_type=product&#038;p=2238"},"modified":"2025-11-14T09:42:48","modified_gmt":"2025-11-14T06:42:48","slug":"windsor-probe","status":"publish","type":"product","link":"https:\/\/www.foreas.com\/en\/urun\/windsor-probe\/","title":{"rendered":"Windsor\u00ae Probe"},"content":{"rendered":"<p><strong>Probe Penetration Testing Device for Concrete Testing<\/strong><\/p>\n<p>1) Probe penetration testing, a non-destructive testing method that does not weaken the load-bearing structure like core drilling and has been widely used in the USA since 1972, should be expanded.<\/p>\n<p>2) In concrete testing with a concrete test hammer, rebound numbers are obtained based solely on surface hardness. Probe penetration testing is a much more effective method for determining the compressive strength and properties of the internal structure of concrete.<\/p>\n<p>USA STANDARD:<br \/>\nASTM-C803 &#8230; Standard Test Method for Penetration Resistance of Hardened Concrete<br \/>\nACI 228 R1<\/p>\n<p>UK STANDARD:<br \/>\nBS EN 13537<\/p>\n<p>And T\u00fcrkiye STANDARD:<br \/>\nTSE 13537 (December 2012) Test Method for Determining the Penetration Resistance of Hardened Concrete<\/p>\n<p><strong>ALTHOUGH VERY DETAILED TRAINING IS REQUIRED ABOUT THE WINDSOR PROBE, SOME OF OUR VIDEOS ARE PUT BELOW FOR YOUR INSPECTION:<\/strong><\/p>\n<p><strong>1) After the Earthquake \u2013 Sections from the Work Conducted by Our University Professors in the Earthquake Field:<\/strong><\/p>\n<ul>\n<li><a href=\"https:\/\/www.youtube.com\/watch?v=tE0K-TY6MaI\" data-rel=\"lightbox-video-0\" target=\"_blank\" rel=\"noopener\">https:\/\/www.youtube.com\/watch?v=tE0K-TY6MaI<\/a><\/li>\n<\/ul>\n<p><strong>2) Short Video (A Section from the European University of Lefke) 2 Short Videos:<\/strong><\/p>\n<ul>\n<li><a href=\"https:\/\/www.youtube.com\/watch?v=XUtH2rSbVfQ\" data-rel=\"lightbox-video-1\" target=\"_blank\" rel=\"noopener\">https:\/\/www.youtube.com\/watch?v=XUtH2rSbVfQ<\/a><\/li>\n<li><a href=\"https:\/\/www.youtube.com\/watch?v=5SVji6Wht1s\" data-rel=\"lightbox-video-2\" target=\"_blank\" rel=\"noopener\">https:\/\/www.youtube.com\/watch?v=5SVji6Wht1s<\/a><\/li>\n<\/ul>\n<p><strong>3) General Presentation:<\/strong><\/p>\n<ul>\n<li><a href=\"https:\/\/www.youtube.com\/watch?v=gc4olr342Tc\" data-rel=\"lightbox-video-3\" target=\"_blank\" rel=\"noopener\">https:\/\/www.youtube.com\/watch?v=gc4olr342Tc<\/a><\/li>\n<\/ul>\n<p><strong>4) Training Video:<\/strong><\/p>\n<ul>\n<li><a href=\"https:\/\/www.youtube.com\/watch?v=T6TKGyeOH34&amp;t=65s\" data-rel=\"lightbox-video-4\" target=\"_blank\" rel=\"noopener\">https:\/\/www.youtube.com\/watch?v=T6TKGyeOH34&amp;t=65s<\/a><\/li>\n<li><a href=\"https:\/\/www.youtube.com\/watch?v=-XyarM1D87U\" data-rel=\"lightbox-video-5\" target=\"_blank\" rel=\"noopener\">https:\/\/www.youtube.com\/watch?v=-XyarM1D87U<\/a><\/li>\n<\/ul>\n","protected":false},"excerpt":{"rendered":"<p><strong style=\"color: #0650a2;\">Determination Of Sink Resistance Of Windsor \u00ae Probe Hardened Concrete<\/strong><\/p>\n<p><strong style=\"color: #0650a2;\">Z-WP-1000 the Windsor \u00ae HP probe System\/Z-WP-700 electronic measuring device probe Windsor (Windsorlinx Software)\/Z-WP-534 Windsor \u00ae Probe System Manual\/Z-WP-1000-Ext Windsor \u00ae probe system Additional Warranty\/consumables (must be ordered separately)\/U-THU-01 Silver Standard density Probe for concrete\/U-PRS-03 Hafif Betonlar \u0130\u00e7in Alt\u0131n Prob<\/strong><\/p>\n<p><strong style=\"color: #0650a2;\">Explanation: <\/strong><\/p>\n<p>It measures the compressive strength of concrete on site, accurately and efficiently. The Windsor \u00ae HP Probe system quickly and accurately determines the concrete compressive strength of a structure by inserting a probe into concrete with known Force. Developed and continued to be developed for 30 years, this modern system can measure concrete up to a maximum compressive strength of 17,000 PSI (110MPa). It is ruggedized for use in the construction environment and lightened to provide the user with a simpler system. It is recommended to be used with the Z-wp-700 electronic measuring device for later review or installation on a computer and to help ensure proper test results. It&#8217;s a non-destructive system. It can be used on fresh and hardened concrete with the same degree of efficiency. Equally accurate results can be obtained on horizontal or vertical surfaces, provided that the probe is thrown perpendicular to the test surface or at the correct angle.<\/p>\n<p><a href=\"#\" target=\"_blank\" rel=\"noopener noreferrer\"><img loading=\"lazy\" class=\"alignnone size-full wp-image-1876\" src=\"https:\/\/foreas.com\/en\/wp-content\/uploads\/2020\/10\/pdf.png\" alt=\"\" width=\"55\" height=\"55\" \/><\/a> <a href=\"#\" target=\"_blank\" rel=\"noopener noreferrer\"><img loading=\"lazy\" class=\"alignnone size-full wp-image-1876\" src=\"https:\/\/foreas.com\/en\/wp-content\/uploads\/2020\/10\/youtube-2-1.png\" alt=\"\" width=\"48\" height=\"48\" \/><\/a><\/p>\n","protected":false},"featured_media":2869,"comment_status":"open","ping_status":"closed","template":"","meta":[],"product_cat":[24],"product_tag":[],"_links":{"self":[{"href":"https:\/\/www.foreas.com\/en\/wp-json\/wp\/v2\/product\/2238"}],"collection":[{"href":"https:\/\/www.foreas.com\/en\/wp-json\/wp\/v2\/product"}],"about":[{"href":"https:\/\/www.foreas.com\/en\/wp-json\/wp\/v2\/types\/product"}],"replies":[{"embeddable":true,"href":"https:\/\/www.foreas.com\/en\/wp-json\/wp\/v2\/comments?post=2238"}],"wp:featuredmedia":[{"embeddable":true,"href":"https:\/\/www.foreas.com\/en\/wp-json\/wp\/v2\/media\/2869"}],"wp:attachment":[{"href":"https:\/\/www.foreas.com\/en\/wp-json\/wp\/v2\/media?parent=2238"}],"wp:term":[{"taxonomy":"product_cat","embeddable":true,"href":"https:\/\/www.foreas.com\/en\/wp-json\/wp\/v2\/product_cat?post=2238"},{"taxonomy":"product_tag","embeddable":true,"href":"https:\/\/www.foreas.com\/en\/wp-json\/wp\/v2\/product_tag?post=2238"}],"curies":[{"name":"wp","href":"https:\/\/api.w.org\/{rel}","templated":true}]}}